{"id":846,"date":"2024-10-14T09:24:10","date_gmt":"2024-10-14T09:24:10","guid":{"rendered":"https:\/\/highres-project.eu\/politica-de-privacidade"},"modified":"2024-11-12T11:41:31","modified_gmt":"2024-11-12T11:41:31","slug":"politica-de-privacidade","status":"publish","type":"page","link":"https:\/\/highres-project.eu\/pt-pt\/politica-de-privacidade","title":{"rendered":"Pol\u00edtica de Privacidade"},"content":{"rendered":"\t\t<div data-elementor-type=\"wp-page\" data-elementor-id=\"846\" class=\"elementor elementor-846 elementor-350\" data-elementor-post-type=\"page\">\n\t\t\t\t<div class=\"elementor-element elementor-element-41a947c e-con-full e-flex e-con e-parent\" data-id=\"41a947c\" data-element_type=\"container\" data-e-type=\"container\">\n\t\t<div class=\"elementor-element elementor-element-ba62fae e-con-full e-flex e-con e-child\" data-id=\"ba62fae\" data-element_type=\"container\" data-e-type=\"container\" data-settings=\"{&quot;background_background&quot;:&quot;classic&quot;}\">\n\t\t\t\t<div class=\"elementor-element elementor-element-5f32390 elementor-widget elementor-widget-heading\" data-id=\"5f32390\" data-element_type=\"widget\" data-e-type=\"widget\" data-widget_type=\"heading.default\">\n\t\t\t\t<div class=\"elementor-widget-container\">\n\t\t\t\t\t<h2 class=\"elementor-heading-title elementor-size-default\">Pol\u00edtica de Privacidade<\/h2>\t\t\t\t<\/div>\n\t\t\t\t<\/div>\n\t\t\t\t<\/div>\n\t\t\t\t<\/div>\n\t\t<div data-dce-background-image-url=\"https:\/\/highres-project.eu\/wp-content\/uploads\/2024\/07\/HIGHRES-Back-detail2.svg\" class=\"elementor-element elementor-element-18c43ac e-flex e-con-boxed e-con e-parent\" data-id=\"18c43ac\" data-element_type=\"container\" data-e-type=\"container\" data-settings=\"{&quot;background_background&quot;:&quot;classic&quot;}\">\n\t\t\t\t\t<div class=\"e-con-inner\">\n\t\t\t\t<div class=\"elementor-element elementor-element-c8f0f27 elementor-widget elementor-widget-text-editor\" data-id=\"c8f0f27\" data-element_type=\"widget\" data-e-type=\"widget\" data-widget_type=\"text-editor.default\">\n\t\t\t\t<div class=\"elementor-widget-container\">\n\t\t\t\t\t\t\t\t\t<p>Na <strong>HIGHRES<\/strong>, levamos a prote\u00e7\u00e3o dos seus dados pessoais muito a s\u00e9rio. O nosso objetivo \u00e9 proteger a privacidade dos dados que nos fornece e cumprir a regulamenta\u00e7\u00e3o em vigor sobre a prote\u00e7\u00e3o de dados pessoais. <\/p>\n<p>Em cumprimento da Lei 3\/2018 de 5 de dezembro sobre a Prote\u00e7\u00e3o de Dados Pessoais e Garantia dos Direitos Digitais, que transp\u00f5e o Regulamento (UE) 2016\/679, informamo-lo sobre a seguinte informa\u00e7\u00e3o relativa \u00e0 nossa pol\u00edtica de privacidade e prote\u00e7\u00e3o de dados:<\/p>\n\t\t\t\t\t\t\t\t<\/div>\n\t\t\t\t<\/div>\n\t\t\t\t<div class=\"elementor-element elementor-element-a6e1f5c elementor-widget elementor-widget-heading\" data-id=\"a6e1f5c\" data-element_type=\"widget\" data-e-type=\"widget\" data-widget_type=\"heading.default\">\n\t\t\t\t<div class=\"elementor-widget-container\">\n\t\t\t\t\t<h3 class=\"elementor-heading-title elementor-size-default\">Quem \u00e9 o respons\u00e1vel pelo tratamento dos seus dados?<\/h3>\t\t\t\t<\/div>\n\t\t\t\t<\/div>\n\t\t\t\t<div class=\"elementor-element elementor-element-ae71148 elementor-widget elementor-widget-text-editor\" data-id=\"ae71148\" data-element_type=\"widget\" data-e-type=\"widget\" data-widget_type=\"text-editor.default\">\n\t\t\t\t<div class=\"elementor-widget-container\">\n\t\t\t\t\t\t\t\t\t<p>A organiza\u00e7\u00e3o respons\u00e1vel pelos seus dados \u00e9 a <strong> Vidzeme Tourism Association<\/strong> (VTA), uma ONG localizada em C\u0113sis, Let\u00f3nia. <\/p>\n\t\t\t\t\t\t\t\t<\/div>\n\t\t\t\t<\/div>\n\t\t<div class=\"elementor-element elementor-element-5ba6cf8 e-con-full e-flex e-con e-child\" data-id=\"5ba6cf8\" data-element_type=\"container\" data-e-type=\"container\">\n\t\t<div class=\"elementor-element elementor-element-9864ddf e-con-full e-flex e-con e-child\" data-id=\"9864ddf\" data-element_type=\"container\" data-e-type=\"container\" data-settings=\"{&quot;background_background&quot;:&quot;classic&quot;}\">\n\t\t\t\t<div class=\"elementor-element elementor-element-966f314 elementor-widget__width-initial elementor-widget elementor-widget-heading\" data-id=\"966f314\" data-element_type=\"widget\" data-e-type=\"widget\" data-widget_type=\"heading.default\">\n\t\t\t\t<div class=\"elementor-widget-container\">\n\t\t\t\t\t<div class=\"elementor-heading-title elementor-size-default\">Morada<\/div>\t\t\t\t<\/div>\n\t\t\t\t<\/div>\n\t\t\t\t<div class=\"elementor-element elementor-element-6bb124c elementor-widget__width-initial elementor-widget elementor-widget-heading\" data-id=\"6bb124c\" data-element_type=\"widget\" data-e-type=\"widget\" data-widget_type=\"heading.default\">\n\t\t\t\t<div class=\"elementor-widget-container\">\n\t\t\t\t\t<div class=\"elementor-heading-title elementor-size-default\">Pils laukums 1 LV-4101 C\u0113sis, Latvia<\/div>\t\t\t\t<\/div>\n\t\t\t\t<\/div>\n\t\t\t\t<\/div>\n\t\t<div class=\"elementor-element elementor-element-0103c24 e-con-full e-flex e-con e-child\" data-id=\"0103c24\" data-element_type=\"container\" data-e-type=\"container\">\n\t\t\t\t<div class=\"elementor-element elementor-element-7eea206 elementor-widget__width-initial elementor-widget elementor-widget-heading\" data-id=\"7eea206\" data-element_type=\"widget\" data-e-type=\"widget\" data-widget_type=\"heading.default\">\n\t\t\t\t<div class=\"elementor-widget-container\">\n\t\t\t\t\t<div class=\"elementor-heading-title elementor-size-default\">Email de contacto<\/div>\t\t\t\t<\/div>\n\t\t\t\t<\/div>\n\t\t\t\t<div data-dce-title-color=\"#26B262\" class=\"elementor-element elementor-element-5140585 elementor-widget__width-initial elementor-widget elementor-widget-heading\" data-id=\"5140585\" data-element_type=\"widget\" data-e-type=\"widget\" data-widget_type=\"heading.default\">\n\t\t\t\t<div class=\"elementor-widget-container\">\n\t\t\t\t\t<div class=\"elementor-heading-title elementor-size-default\"><a href=\"mailto:blum@regiovision-sn.de\">info@vidzeme.com\u200b<\/a><\/div>\t\t\t\t<\/div>\n\t\t\t\t<\/div>\n\t\t\t\t<\/div>\n\t\t<div class=\"elementor-element elementor-element-685b687 e-con-full e-flex e-con e-child\" data-id=\"685b687\" data-element_type=\"container\" data-e-type=\"container\" data-settings=\"{&quot;background_background&quot;:&quot;classic&quot;}\">\n\t\t\t\t<div class=\"elementor-element elementor-element-5f475a6 elementor-widget__width-initial elementor-widget elementor-widget-heading\" data-id=\"5f475a6\" data-element_type=\"widget\" data-e-type=\"widget\" data-widget_type=\"heading.default\">\n\t\t\t\t<div class=\"elementor-widget-container\">\n\t\t\t\t\t<div class=\"elementor-heading-title elementor-size-default\">Telefone<\/div>\t\t\t\t<\/div>\n\t\t\t\t<\/div>\n\t\t\t\t<div class=\"elementor-element elementor-element-b96f7d1 elementor-widget__width-initial elementor-widget elementor-widget-heading\" data-id=\"b96f7d1\" data-element_type=\"widget\" data-e-type=\"widget\" data-widget_type=\"heading.default\">\n\t\t\t\t<div class=\"elementor-widget-container\">\n\t\t\t\t\t<div class=\"elementor-heading-title elementor-size-default\">+371 641 22011\u200b<\/div>\t\t\t\t<\/div>\n\t\t\t\t<\/div>\n\t\t\t\t<\/div>\n\t\t\t\t<\/div>\n\t\t\t\t<div class=\"elementor-element elementor-element-42202aa elementor-widget elementor-widget-heading\" data-id=\"42202aa\" data-element_type=\"widget\" data-e-type=\"widget\" data-widget_type=\"heading.default\">\n\t\t\t\t<div class=\"elementor-widget-container\">\n\t\t\t\t\t<h3 class=\"elementor-heading-title elementor-size-default\">Qual \u00e9 a finalidade do tratamento?<\/h3>\t\t\t\t<\/div>\n\t\t\t\t<\/div>\n\t\t\t\t<div class=\"elementor-element elementor-element-9124578 elementor-widget elementor-widget-text-editor\" data-id=\"9124578\" data-element_type=\"widget\" data-e-type=\"widget\" data-widget_type=\"text-editor.default\">\n\t\t\t\t<div class=\"elementor-widget-container\">\n\t\t\t\t\t\t\t\t\t<ul>\n<li style=\"font-weight: 400;\" aria-level=\"1\"><span style=\"font-weight: 400;\">Responder a pedidos, reclama\u00e7\u00f5es e incidentes enviados atrav\u00e9s dos canais de contacto do website.<\/span><\/li>\n<li style=\"font-weight: 400;\" aria-level=\"1\"><span style=\"font-weight: 400;\">Compreender o comportamento do utilizador no website para detetar poss\u00edveis ataques inform\u00e1ticos.<\/span><\/li>\n<li style=\"font-weight: 400;\" aria-level=\"1\"><span style=\"font-weight: 400;\">Cumprir obriga\u00e7\u00f5es legais diretamente aplic\u00e1veis e regulamentar a nossa atividade.<\/span><\/li>\n<li style=\"font-weight: 400;\" aria-level=\"1\"><span style=\"font-weight: 400;\">Proteger e exercer os nossos direitos ou responder a reclama\u00e7\u00f5es de qualquer tipo.<\/span><\/li>\n<li style=\"font-weight: 400;\" aria-level=\"1\"><span style=\"font-weight: 400;\">Envio de newsletters sobre os produtos ou servi\u00e7os relacionados com a atividade do respons\u00e1vel ou not\u00edcias relacionadas com a sua atividade.<\/span><\/li>\n<\/ul>\n\t\t\t\t\t\t\t\t<\/div>\n\t\t\t\t<\/div>\n\t\t\t\t<div class=\"elementor-element elementor-element-c0f9e58 elementor-widget elementor-widget-heading\" data-id=\"c0f9e58\" data-element_type=\"widget\" data-e-type=\"widget\" data-widget_type=\"heading.default\">\n\t\t\t\t<div class=\"elementor-widget-container\">\n\t\t\t\t\t<h3 class=\"elementor-heading-title elementor-size-default\">Qual \u00e9 a base legal para o tratamento?<\/h3>\t\t\t\t<\/div>\n\t\t\t\t<\/div>\n\t\t\t\t<div class=\"elementor-element elementor-element-14a2ffe elementor-widget elementor-widget-text-editor\" data-id=\"14a2ffe\" data-element_type=\"widget\" data-e-type=\"widget\" data-widget_type=\"text-editor.default\">\n\t\t\t\t<div class=\"elementor-widget-container\">\n\t\t\t\t\t\t\t\t\t<p>A base legal para o tratamento dos seus dados \u00e9 o consentimento do titular dos dados, nos termos do artigo 6.\u00ba, n.\u00ba 1, al\u00ednea a) do Regulamento, assim como o interesse leg\u00edtimo do respons\u00e1vel, ao abrigo do artigo 6.\u00ba, n.\u00ba 1, al\u00ednea f) do Regulamento.<\/p>\n<p>Os dados que solicitamos s\u00e3o adequados, relevantes e estritamente necess\u00e1rios e, em nenhum caso, \u00e9 obrigado a fornec\u00ea-los, mas a sua n\u00e3o comunica\u00e7\u00e3o poder\u00e1 afetar a finalidade do servi\u00e7o ou a impossibilidade de o prestar.<\/p>\n\t\t\t\t\t\t\t\t<\/div>\n\t\t\t\t<\/div>\n\t\t\t\t<div class=\"elementor-element elementor-element-0bf2a99 elementor-widget elementor-widget-heading\" data-id=\"0bf2a99\" data-element_type=\"widget\" data-e-type=\"widget\" data-widget_type=\"heading.default\">\n\t\t\t\t<div class=\"elementor-widget-container\">\n\t\t\t\t\t<h3 class=\"elementor-heading-title elementor-size-default\">Durante quanto tempo conservamos os seus dados?<\/h3>\t\t\t\t<\/div>\n\t\t\t\t<\/div>\n\t\t\t\t<div class=\"elementor-element elementor-element-547c69e elementor-widget elementor-widget-text-editor\" data-id=\"547c69e\" data-element_type=\"widget\" data-e-type=\"widget\" data-widget_type=\"text-editor.default\">\n\t\t\t\t<div class=\"elementor-widget-container\">\n\t\t\t\t\t\t\t\t\t<p>Os seus dados ser\u00e3o mantidos durante o tempo necess\u00e1rio para a correta presta\u00e7\u00e3o do servi\u00e7o oferecido, bem como para cumprir as responsabilidades que possam surgir do mesmo e qualquer outro requisito legal.<\/p>\n\t\t\t\t\t\t\t\t<\/div>\n\t\t\t\t<\/div>\n\t\t\t\t<div class=\"elementor-element elementor-element-b8f7de5 elementor-widget elementor-widget-heading\" data-id=\"b8f7de5\" data-element_type=\"widget\" data-e-type=\"widget\" data-widget_type=\"heading.default\">\n\t\t\t\t<div class=\"elementor-widget-container\">\n\t\t\t\t\t<h3 class=\"elementor-heading-title elementor-size-default\">Quais os destinat\u00e1rios dos seus dados?<\/h3>\t\t\t\t<\/div>\n\t\t\t\t<\/div>\n\t\t\t\t<div class=\"elementor-element elementor-element-4a6884c elementor-widget elementor-widget-text-editor\" data-id=\"4a6884c\" data-element_type=\"widget\" data-e-type=\"widget\" data-widget_type=\"text-editor.default\">\n\t\t\t\t<div class=\"elementor-widget-container\">\n\t\t\t\t\t\t\t\t\t<p>Durante o tratamento dos seus dados, a VTA poder\u00e1 partilhar os seus dados com:<\/p>\n<p>On Projects Advising SL, como prestadores de servi\u00e7os de gest\u00e3o e manuten\u00e7\u00e3o do website.<\/p>\n\t\t\t\t\t\t\t\t<\/div>\n\t\t\t\t<\/div>\n\t\t\t\t<div class=\"elementor-element elementor-element-bd575f8 elementor-widget elementor-widget-heading\" data-id=\"bd575f8\" data-element_type=\"widget\" data-e-type=\"widget\" data-widget_type=\"heading.default\">\n\t\t\t\t<div class=\"elementor-widget-container\">\n\t\t\t\t\t<h3 class=\"elementor-heading-title elementor-size-default\">Quais s\u00e3o os meus direitos?<\/h3>\t\t\t\t<\/div>\n\t\t\t\t<\/div>\n\t\t\t\t<div class=\"elementor-element elementor-element-86e7d4c elementor-widget elementor-widget-text-editor\" data-id=\"86e7d4c\" data-element_type=\"widget\" data-e-type=\"widget\" data-widget_type=\"text-editor.default\">\n\t\t\t\t<div class=\"elementor-widget-container\">\n\t\t\t\t\t\t\t\t\t<ul>\n<li>Direito de acesso: direito de obter a confirma\u00e7\u00e3o de que os dados pessoais est\u00e3o a ser processados, bem como o direito de acesso a esses dados.<\/li>\n<li>Direito de retifica\u00e7\u00e3o dos dados pessoais.<\/li>\n<li>Direito de elimina\u00e7\u00e3o.<\/li>\n<li>Direito de limita\u00e7\u00e3o do tratamento.<\/li>\n<li>Direito de portabilidade dos dados.<\/li>\n<li>Direito de oposi\u00e7\u00e3o: o direito de se opor ao tratamento dos dados.<\/li>\n<\/ul>\n\t\t\t\t\t\t\t\t<\/div>\n\t\t\t\t<\/div>\n\t\t\t\t<div class=\"elementor-element elementor-element-6ed6379 elementor-widget elementor-widget-text-editor\" data-id=\"6ed6379\" data-element_type=\"widget\" data-e-type=\"widget\" data-widget_type=\"text-editor.default\">\n\t\t\t\t<div class=\"elementor-widget-container\">\n\t\t\t\t\t\t\t\t\t<p>O respons\u00e1vel pelo tratamento reserva-se o direito de limitar os direitos previstos no Artigo 23 do Regulamento da UE, caso essa limita\u00e7\u00e3o seja necess\u00e1ria e proporcionada para salvaguardar, em particular, direitos e liberdades fundamentais.<\/p>\n\t\t\t\t\t\t\t\t<\/div>\n\t\t\t\t<\/div>\n\t\t\t\t<div class=\"elementor-element elementor-element-ad8c39e elementor-widget elementor-widget-heading\" data-id=\"ad8c39e\" data-element_type=\"widget\" data-e-type=\"widget\" data-widget_type=\"heading.default\">\n\t\t\t\t<div class=\"elementor-widget-container\">\n\t\t\t\t\t<h3 class=\"elementor-heading-title elementor-size-default\">Onde posso apresentar uma reclama\u00e7\u00e3o?<\/h3>\t\t\t\t<\/div>\n\t\t\t\t<\/div>\n\t\t\t\t<div class=\"elementor-element elementor-element-1992850 elementor-widget elementor-widget-text-editor\" data-id=\"1992850\" data-element_type=\"widget\" data-e-type=\"widget\" data-widget_type=\"text-editor.default\">\n\t\t\t\t<div class=\"elementor-widget-container\">\n\t\t\t\t\t\t\t\t\t<p>Caso algum interessado considere que os seus dados n\u00e3o est\u00e3o a ser tratados corretamente, pode enviar as suas reclama\u00e7\u00f5es para o seguinte endere\u00e7o de e-mail; <a href=\"mailto:info@highres-project.eu\">info@highres-project.eu<\/a>.<\/p>\n<p>O titular dos dados declara ter tomado conhecimento de toda esta informa\u00e7\u00e3o.<\/p>\n\t\t\t\t\t\t\t\t<\/div>\n\t\t\t\t<\/div>\n\t\t\t\t\t<\/div>\n\t\t\t\t<\/div>\n\t\t\t\t<\/div>\n\t\t","protected":false},"excerpt":{"rendered":"<p>Na HIGHRES, levamos a prote\u00e7\u00e3o dos seus dados pessoais muito a s\u00e9rio. O nosso objetivo \u00e9 proteger a privacidade dos dados que nos fornece e cumprir a regulamenta\u00e7\u00e3o em vigor sobre a prote\u00e7\u00e3o de dados pessoais. Em cumprimento da Lei 3\/2018 de 5 de dezembro sobre a Prote\u00e7\u00e3o de Dados Pessoais e Garantia dos Direitos [&hellip;]<\/p>\n","protected":false},"author":1,"featured_media":0,"parent":0,"menu_order":0,"comment_status":"closed","ping_status":"closed","template":"elementor_header_footer","meta":{"footnotes":""},"class_list":["post-846","page","type-page","status-publish","hentry"],"yoast_head":"<!-- This site is optimized with the Yoast SEO plugin v27.1.1 - https:\/\/yoast.com\/product\/yoast-seo-wordpress\/ -->\n<title>Pol\u00edtica de Privacidade - HIGHRES<\/title>\n<meta name=\"robots\" content=\"index, follow, max-snippet:-1, max-image-preview:large, max-video-preview:-1\" \/>\n<link rel=\"canonical\" href=\"https:\/\/highres-project.eu\/pt-pt\/politica-de-privacidade\" \/>\n<meta property=\"og:locale\" content=\"pt_PT\" \/>\n<meta property=\"og:type\" content=\"article\" \/>\n<meta property=\"og:title\" content=\"Pol\u00edtica de Privacidade - HIGHRES\" \/>\n<meta property=\"og:description\" content=\"Na HIGHRES, levamos a prote\u00e7\u00e3o dos seus dados pessoais muito a s\u00e9rio. O nosso objetivo \u00e9 proteger a privacidade dos dados que nos fornece e cumprir a regulamenta\u00e7\u00e3o em vigor sobre a prote\u00e7\u00e3o de dados pessoais. Em cumprimento da Lei 3\/2018 de 5 de dezembro sobre a Prote\u00e7\u00e3o de Dados Pessoais e Garantia dos Direitos [&hellip;]\" \/>\n<meta property=\"og:url\" content=\"https:\/\/highres-project.eu\/pt-pt\/politica-de-privacidade\" \/>\n<meta property=\"og:site_name\" content=\"HIGHRES\" \/>\n<meta property=\"article:modified_time\" content=\"2024-11-12T11:41:31+00:00\" \/>\n<meta name=\"twitter:card\" content=\"summary_large_image\" \/>\n<meta name=\"twitter:label1\" content=\"Tempo estimado de leitura\" \/>\n\t<meta name=\"twitter:data1\" content=\"3 minutos\" \/>\n<script type=\"application\/ld+json\" class=\"yoast-schema-graph\">{\"@context\":\"https:\/\/schema.org\",\"@graph\":[{\"@type\":\"WebPage\",\"@id\":\"https:\/\/highres-project.eu\/pt-pt\/politica-de-privacidade\",\"url\":\"https:\/\/highres-project.eu\/pt-pt\/politica-de-privacidade\",\"name\":\"Pol\u00edtica de Privacidade - HIGHRES\",\"isPartOf\":{\"@id\":\"https:\/\/highres-project.eu\/#website\"},\"datePublished\":\"2024-10-14T09:24:10+00:00\",\"dateModified\":\"2024-11-12T11:41:31+00:00\",\"breadcrumb\":{\"@id\":\"https:\/\/highres-project.eu\/pt-pt\/politica-de-privacidade#breadcrumb\"},\"inLanguage\":\"pt-PT\",\"potentialAction\":[{\"@type\":\"ReadAction\",\"target\":[\"https:\/\/highres-project.eu\/pt-pt\/politica-de-privacidade\"]}]},{\"@type\":\"BreadcrumbList\",\"@id\":\"https:\/\/highres-project.eu\/pt-pt\/politica-de-privacidade#breadcrumb\",\"itemListElement\":[{\"@type\":\"ListItem\",\"position\":1,\"name\":\"Portada\",\"item\":\"https:\/\/highres-project.eu\/pt-pt\/inicial\"},{\"@type\":\"ListItem\",\"position\":2,\"name\":\"Pol\u00edtica de Privacidade\"}]},{\"@type\":\"WebSite\",\"@id\":\"https:\/\/highres-project.eu\/#website\",\"url\":\"https:\/\/highres-project.eu\/\",\"name\":\"HIGHRES\",\"description\":\"\",\"publisher\":{\"@id\":\"https:\/\/highres-project.eu\/#organization\"},\"potentialAction\":[{\"@type\":\"SearchAction\",\"target\":{\"@type\":\"EntryPoint\",\"urlTemplate\":\"https:\/\/highres-project.eu\/?s={search_term_string}\"},\"query-input\":{\"@type\":\"PropertyValueSpecification\",\"valueRequired\":true,\"valueName\":\"search_term_string\"}}],\"inLanguage\":\"pt-PT\"},{\"@type\":\"Organization\",\"@id\":\"https:\/\/highres-project.eu\/#organization\",\"name\":\"HIGHRES\",\"url\":\"https:\/\/highres-project.eu\/\",\"logo\":{\"@type\":\"ImageObject\",\"inLanguage\":\"pt-PT\",\"@id\":\"https:\/\/highres-project.eu\/#\/schema\/logo\/image\/\",\"url\":\"https:\/\/highres-project.eu\/wp-content\/uploads\/2024\/07\/560f02408763dbeda8d6b7950dd87a3d.png\",\"contentUrl\":\"https:\/\/highres-project.eu\/wp-content\/uploads\/2024\/07\/560f02408763dbeda8d6b7950dd87a3d.png\",\"width\":4096,\"height\":1177,\"caption\":\"HIGHRES\"},\"image\":{\"@id\":\"https:\/\/highres-project.eu\/#\/schema\/logo\/image\/\"}}]}<\/script>\n<!-- \/ Yoast SEO plugin. -->","yoast_head_json":{"title":"Pol\u00edtica de Privacidade - HIGHRES","robots":{"index":"index","follow":"follow","max-snippet":"max-snippet:-1","max-image-preview":"max-image-preview:large","max-video-preview":"max-video-preview:-1"},"canonical":"https:\/\/highres-project.eu\/pt-pt\/politica-de-privacidade","og_locale":"pt_PT","og_type":"article","og_title":"Pol\u00edtica de Privacidade - HIGHRES","og_description":"Na HIGHRES, levamos a prote\u00e7\u00e3o dos seus dados pessoais muito a s\u00e9rio. O nosso objetivo \u00e9 proteger a privacidade dos dados que nos fornece e cumprir a regulamenta\u00e7\u00e3o em vigor sobre a prote\u00e7\u00e3o de dados pessoais. Em cumprimento da Lei 3\/2018 de 5 de dezembro sobre a Prote\u00e7\u00e3o de Dados Pessoais e Garantia dos Direitos [&hellip;]","og_url":"https:\/\/highres-project.eu\/pt-pt\/politica-de-privacidade","og_site_name":"HIGHRES","article_modified_time":"2024-11-12T11:41:31+00:00","twitter_card":"summary_large_image","twitter_misc":{"Tempo estimado de leitura":"3 minutos"},"schema":{"@context":"https:\/\/schema.org","@graph":[{"@type":"WebPage","@id":"https:\/\/highres-project.eu\/pt-pt\/politica-de-privacidade","url":"https:\/\/highres-project.eu\/pt-pt\/politica-de-privacidade","name":"Pol\u00edtica de Privacidade - HIGHRES","isPartOf":{"@id":"https:\/\/highres-project.eu\/#website"},"datePublished":"2024-10-14T09:24:10+00:00","dateModified":"2024-11-12T11:41:31+00:00","breadcrumb":{"@id":"https:\/\/highres-project.eu\/pt-pt\/politica-de-privacidade#breadcrumb"},"inLanguage":"pt-PT","potentialAction":[{"@type":"ReadAction","target":["https:\/\/highres-project.eu\/pt-pt\/politica-de-privacidade"]}]},{"@type":"BreadcrumbList","@id":"https:\/\/highres-project.eu\/pt-pt\/politica-de-privacidade#breadcrumb","itemListElement":[{"@type":"ListItem","position":1,"name":"Portada","item":"https:\/\/highres-project.eu\/pt-pt\/inicial"},{"@type":"ListItem","position":2,"name":"Pol\u00edtica de Privacidade"}]},{"@type":"WebSite","@id":"https:\/\/highres-project.eu\/#website","url":"https:\/\/highres-project.eu\/","name":"HIGHRES","description":"","publisher":{"@id":"https:\/\/highres-project.eu\/#organization"},"potentialAction":[{"@type":"SearchAction","target":{"@type":"EntryPoint","urlTemplate":"https:\/\/highres-project.eu\/?s={search_term_string}"},"query-input":{"@type":"PropertyValueSpecification","valueRequired":true,"valueName":"search_term_string"}}],"inLanguage":"pt-PT"},{"@type":"Organization","@id":"https:\/\/highres-project.eu\/#organization","name":"HIGHRES","url":"https:\/\/highres-project.eu\/","logo":{"@type":"ImageObject","inLanguage":"pt-PT","@id":"https:\/\/highres-project.eu\/#\/schema\/logo\/image\/","url":"https:\/\/highres-project.eu\/wp-content\/uploads\/2024\/07\/560f02408763dbeda8d6b7950dd87a3d.png","contentUrl":"https:\/\/highres-project.eu\/wp-content\/uploads\/2024\/07\/560f02408763dbeda8d6b7950dd87a3d.png","width":4096,"height":1177,"caption":"HIGHRES"},"image":{"@id":"https:\/\/highres-project.eu\/#\/schema\/logo\/image\/"}}]}},"_links":{"self":[{"href":"https:\/\/highres-project.eu\/pt-pt\/wp-json\/wp\/v2\/pages\/846","targetHints":{"allow":["GET"]}}],"collection":[{"href":"https:\/\/highres-project.eu\/pt-pt\/wp-json\/wp\/v2\/pages"}],"about":[{"href":"https:\/\/highres-project.eu\/pt-pt\/wp-json\/wp\/v2\/types\/page"}],"author":[{"embeddable":true,"href":"https:\/\/highres-project.eu\/pt-pt\/wp-json\/wp\/v2\/users\/1"}],"replies":[{"embeddable":true,"href":"https:\/\/highres-project.eu\/pt-pt\/wp-json\/wp\/v2\/comments?post=846"}],"version-history":[{"count":1,"href":"https:\/\/highres-project.eu\/pt-pt\/wp-json\/wp\/v2\/pages\/846\/revisions"}],"predecessor-version":[{"id":847,"href":"https:\/\/highres-project.eu\/pt-pt\/wp-json\/wp\/v2\/pages\/846\/revisions\/847"}],"wp:attachment":[{"href":"https:\/\/highres-project.eu\/pt-pt\/wp-json\/wp\/v2\/media?parent=846"}],"curies":[{"name":"wp","href":"https:\/\/api.w.org\/{rel}","templated":true}]}}