{"id":850,"date":"2024-10-14T09:24:10","date_gmt":"2024-10-14T09:24:10","guid":{"rendered":"https:\/\/highres-project.eu\/privatuma-politika"},"modified":"2024-11-12T11:54:26","modified_gmt":"2024-11-12T11:54:26","slug":"privatuma-politika","status":"publish","type":"page","link":"https:\/\/highres-project.eu\/lv\/privatuma-politika","title":{"rendered":"Priv\u0101tuma politika"},"content":{"rendered":"\t\t<div data-elementor-type=\"wp-page\" data-elementor-id=\"850\" class=\"elementor elementor-850 elementor-350\" data-elementor-post-type=\"page\">\n\t\t\t\t<div class=\"elementor-element elementor-element-41a947c e-con-full e-flex e-con e-parent\" data-id=\"41a947c\" data-element_type=\"container\" data-e-type=\"container\">\n\t\t<div class=\"elementor-element elementor-element-ba62fae e-con-full e-flex e-con e-child\" data-id=\"ba62fae\" data-element_type=\"container\" data-e-type=\"container\" data-settings=\"{&quot;background_background&quot;:&quot;classic&quot;}\">\n\t\t\t\t<div class=\"elementor-element elementor-element-5f32390 elementor-widget elementor-widget-heading\" data-id=\"5f32390\" data-element_type=\"widget\" data-e-type=\"widget\" data-widget_type=\"heading.default\">\n\t\t\t\t<div class=\"elementor-widget-container\">\n\t\t\t\t\t<h2 class=\"elementor-heading-title elementor-size-default\">Priv\u0101tuma politika<\/h2>\t\t\t\t<\/div>\n\t\t\t\t<\/div>\n\t\t\t\t<\/div>\n\t\t\t\t<\/div>\n\t\t<div data-dce-background-image-url=\"https:\/\/highres-project.eu\/wp-content\/uploads\/2024\/07\/HIGHRES-Back-detail2.svg\" class=\"elementor-element elementor-element-18c43ac e-flex e-con-boxed e-con e-parent\" data-id=\"18c43ac\" data-element_type=\"container\" data-e-type=\"container\" data-settings=\"{&quot;background_background&quot;:&quot;classic&quot;}\">\n\t\t\t\t\t<div class=\"e-con-inner\">\n\t\t\t\t<div class=\"elementor-element elementor-element-c8f0f27 elementor-widget elementor-widget-text-editor\" data-id=\"c8f0f27\" data-element_type=\"widget\" data-e-type=\"widget\" data-widget_type=\"text-editor.default\">\n\t\t\t\t<div class=\"elementor-widget-container\">\n\t\t\t\t\t\t\t\t\t<p><strong>HIGHRES <\/strong> \u013coti nopietni izturas pret j\u016bsu personas datu aizsardz\u012bbu. M\u016bsu m\u0113r\u0137is ir aizsarg\u0101t j\u016bsu sniegto datu konfidencialit\u0101ti un iev\u0113rot sp\u0113k\u0101 eso\u0161os personas datu aizsardz\u012bbas noteikumus. <\/p>\n<p>Saska\u0146\u0101 ar 5. decembra Likumu Nr. 3\/2018 par personas datu aizsardz\u012bbu un digit\u0101lo ties\u012bbu garant\u0113\u0161anu, ar ko transpon\u0113 Regulu (ES) 2016\/679, m\u0113s inform\u0113jam j\u016bs par m\u016bsu priv\u0101tuma un datu aizsardz\u012bbas politiku:<\/p>\n\t\t\t\t\t\t\t\t<\/div>\n\t\t\t\t<\/div>\n\t\t\t\t<div class=\"elementor-element elementor-element-a6e1f5c elementor-widget elementor-widget-heading\" data-id=\"a6e1f5c\" data-element_type=\"widget\" data-e-type=\"widget\" data-widget_type=\"heading.default\">\n\t\t\t\t<div class=\"elementor-widget-container\">\n\t\t\t\t\t<h3 class=\"elementor-heading-title elementor-size-default\">Kas ir j\u016bsu datu apstr\u0101des p\u0101rzinis?<\/h3>\t\t\t\t<\/div>\n\t\t\t\t<\/div>\n\t\t\t\t<div class=\"elementor-element elementor-element-ae71148 elementor-widget elementor-widget-text-editor\" data-id=\"ae71148\" data-element_type=\"widget\" data-e-type=\"widget\" data-widget_type=\"text-editor.default\">\n\t\t\t\t<div class=\"elementor-widget-container\">\n\t\t\t\t\t\t\t\t\t<p>Par J\u016bsu datiem atbild\u012bg\u0101 organiz\u0101cija ir <strong>Vidzemes T\u016brisma asoci\u0101cija (VTA)<\/strong>. T\u0101 ir nevalstiska organiz\u0101cija, kas atrodas C\u0113s\u012bs, Latvij\u0101. <\/p>\n\t\t\t\t\t\t\t\t<\/div>\n\t\t\t\t<\/div>\n\t\t<div class=\"elementor-element elementor-element-5ba6cf8 e-con-full e-flex e-con e-child\" data-id=\"5ba6cf8\" data-element_type=\"container\" data-e-type=\"container\">\n\t\t<div class=\"elementor-element elementor-element-9864ddf e-con-full e-flex e-con e-child\" data-id=\"9864ddf\" data-element_type=\"container\" data-e-type=\"container\" data-settings=\"{&quot;background_background&quot;:&quot;classic&quot;}\">\n\t\t\t\t<div class=\"elementor-element elementor-element-966f314 elementor-widget__width-initial elementor-widget elementor-widget-heading\" data-id=\"966f314\" data-element_type=\"widget\" data-e-type=\"widget\" data-widget_type=\"heading.default\">\n\t\t\t\t<div class=\"elementor-widget-container\">\n\t\t\t\t\t<div class=\"elementor-heading-title elementor-size-default\">Adrese<\/div>\t\t\t\t<\/div>\n\t\t\t\t<\/div>\n\t\t\t\t<div class=\"elementor-element elementor-element-6bb124c elementor-widget__width-initial elementor-widget elementor-widget-heading\" data-id=\"6bb124c\" data-element_type=\"widget\" data-e-type=\"widget\" data-widget_type=\"heading.default\">\n\t\t\t\t<div class=\"elementor-widget-container\">\n\t\t\t\t\t<div class=\"elementor-heading-title elementor-size-default\">Pils laukums 1 LV-4101 C\u0113sis, Latvia<\/div>\t\t\t\t<\/div>\n\t\t\t\t<\/div>\n\t\t\t\t<\/div>\n\t\t<div class=\"elementor-element elementor-element-0103c24 e-con-full e-flex e-con e-child\" data-id=\"0103c24\" data-element_type=\"container\" data-e-type=\"container\">\n\t\t\t\t<div class=\"elementor-element elementor-element-7eea206 elementor-widget__width-initial elementor-widget elementor-widget-heading\" data-id=\"7eea206\" data-element_type=\"widget\" data-e-type=\"widget\" data-widget_type=\"heading.default\">\n\t\t\t\t<div class=\"elementor-widget-container\">\n\t\t\t\t\t<div class=\"elementor-heading-title elementor-size-default\">E-pasts<\/div>\t\t\t\t<\/div>\n\t\t\t\t<\/div>\n\t\t\t\t<div data-dce-title-color=\"#26B262\" class=\"elementor-element elementor-element-5140585 elementor-widget__width-initial elementor-widget elementor-widget-heading\" data-id=\"5140585\" data-element_type=\"widget\" data-e-type=\"widget\" data-widget_type=\"heading.default\">\n\t\t\t\t<div class=\"elementor-widget-container\">\n\t\t\t\t\t<div class=\"elementor-heading-title elementor-size-default\"><a href=\"mailto:blum@regiovision-sn.de\">info@vidzeme.com\u200b<\/a><\/div>\t\t\t\t<\/div>\n\t\t\t\t<\/div>\n\t\t\t\t<\/div>\n\t\t<div class=\"elementor-element elementor-element-685b687 e-con-full e-flex e-con e-child\" data-id=\"685b687\" data-element_type=\"container\" data-e-type=\"container\" data-settings=\"{&quot;background_background&quot;:&quot;classic&quot;}\">\n\t\t\t\t<div class=\"elementor-element elementor-element-5f475a6 elementor-widget__width-initial elementor-widget elementor-widget-heading\" data-id=\"5f475a6\" data-element_type=\"widget\" data-e-type=\"widget\" data-widget_type=\"heading.default\">\n\t\t\t\t<div class=\"elementor-widget-container\">\n\t\t\t\t\t<div class=\"elementor-heading-title elementor-size-default\">Telefons<\/div>\t\t\t\t<\/div>\n\t\t\t\t<\/div>\n\t\t\t\t<div class=\"elementor-element elementor-element-b96f7d1 elementor-widget__width-initial elementor-widget elementor-widget-heading\" data-id=\"b96f7d1\" data-element_type=\"widget\" data-e-type=\"widget\" data-widget_type=\"heading.default\">\n\t\t\t\t<div class=\"elementor-widget-container\">\n\t\t\t\t\t<div class=\"elementor-heading-title elementor-size-default\">+371 641 22011\u200b<\/div>\t\t\t\t<\/div>\n\t\t\t\t<\/div>\n\t\t\t\t<\/div>\n\t\t\t\t<\/div>\n\t\t\t\t<div class=\"elementor-element elementor-element-42202aa elementor-widget elementor-widget-heading\" data-id=\"42202aa\" data-element_type=\"widget\" data-e-type=\"widget\" data-widget_type=\"heading.default\">\n\t\t\t\t<div class=\"elementor-widget-container\">\n\t\t\t\t\t<h3 class=\"elementor-heading-title elementor-size-default\">K\u0101ds ir apstr\u0101des m\u0113r\u0137is?<\/h3>\t\t\t\t<\/div>\n\t\t\t\t<\/div>\n\t\t\t\t<div class=\"elementor-element elementor-element-9124578 elementor-widget elementor-widget-text-editor\" data-id=\"9124578\" data-element_type=\"widget\" data-e-type=\"widget\" data-widget_type=\"text-editor.default\">\n\t\t\t\t<div class=\"elementor-widget-container\">\n\t\t\t\t\t\t\t\t\t<ul>\n<li style=\"font-weight: 400;\" aria-level=\"1\"><span style=\"font-weight: 400;\">Lai atbild\u0113tu uz piepras\u012bjumiem, s\u016bdz\u012bb\u0101m un incidentiem, kas nos\u016bt\u012bti, izmantojot m\u016bsu t\u012bmek\u013ca vietn\u0113 iek\u013cautos sazi\u0146as kan\u0101lus.<\/span><\/li>\n<li style=\"font-weight: 400;\" aria-level=\"1\"><span style=\"font-weight: 400;\">Izprast navigatora uzved\u012bbu t\u012bmekl\u012b, lai atkl\u0101tu iesp\u0113jamos datoruzbrukumus m\u016bsu t\u012bmekl\u012b.<\/span><\/li>\n<li style=\"font-weight: 400;\" aria-level=\"1\"><span style=\"font-weight: 400;\">Iev\u0113rot mums tie\u0161i piem\u0113rojamos juridiskos pien\u0101kumus, kas regul\u0113 m\u016bsu darb\u012bbu.<\/span><\/li>\n<li style=\"font-weight: 400;\" aria-level=\"1\"><span style=\"font-weight: 400;\">Lai aizsarg\u0101tu un \u012bstenotu m\u016bsu ties\u012bbas vai rea\u0123\u0113tu uz jebk\u0101da veida s\u016bdz\u012bb\u0101m.<\/span><\/li>\n<li style=\"font-weight: 400;\" aria-level=\"1\"><span style=\"font-weight: 400;\">Informat\u012bvo bi\u013cetenu iesnieg\u0161ana par prec\u0113m vai pakalpojumiem, kas veido atbild\u012bg\u0101s personas darb\u012bbu, vai par jaunumiem, kas saist\u012bti ar t\u0101s darb\u012bbu.<\/span><\/li>\n<\/ul>\n\t\t\t\t\t\t\t\t<\/div>\n\t\t\t\t<\/div>\n\t\t\t\t<div class=\"elementor-element elementor-element-c0f9e58 elementor-widget elementor-widget-heading\" data-id=\"c0f9e58\" data-element_type=\"widget\" data-e-type=\"widget\" data-widget_type=\"heading.default\">\n\t\t\t\t<div class=\"elementor-widget-container\">\n\t\t\t\t\t<h3 class=\"elementor-heading-title elementor-size-default\">K\u0101ds ir apstr\u0101des juridiskais pamats?<\/h3>\t\t\t\t<\/div>\n\t\t\t\t<\/div>\n\t\t\t\t<div class=\"elementor-element elementor-element-14a2ffe elementor-widget elementor-widget-text-editor\" data-id=\"14a2ffe\" data-element_type=\"widget\" data-e-type=\"widget\" data-widget_type=\"text-editor.default\">\n\t\t\t\t<div class=\"elementor-widget-container\">\n\t\t\t\t\t\t\t\t\t<p>J\u016bsu datu apstr\u0101des juridiskais pamats ir datu subjekta piekri\u0161ana saska\u0146\u0101 ar regulas 6. panta 1. punkta a) apak\u0161punktu, k\u0101 ar\u012b datu p\u0101rzi\u0146a likum\u012bg\u0101s intereses saska\u0146\u0101 ar regulas 6. panta 1. punkta f) apak\u0161punktu.<\/p>\n<p>Dati, kurus m\u0113s no jums piepras\u0101m, ir adekv\u0101ti, b\u016btiski un absol\u016bti nepiecie\u0161ami, un jums nek\u0101d\u0101 gad\u012bjum\u0101 nav pien\u0101kuma tos mums sniegt, ta\u010du to nesnieg\u0161ana var ietekm\u0113t pakalpojuma m\u0113r\u0137i vai pakalpojuma snieg\u0161anas neiesp\u0113jam\u012bbu.<\/p>\n\t\t\t\t\t\t\t\t<\/div>\n\t\t\t\t<\/div>\n\t\t\t\t<div class=\"elementor-element elementor-element-0bf2a99 elementor-widget elementor-widget-heading\" data-id=\"0bf2a99\" data-element_type=\"widget\" data-e-type=\"widget\" data-widget_type=\"heading.default\">\n\t\t\t\t<div class=\"elementor-widget-container\">\n\t\t\t\t\t<h3 class=\"elementor-heading-title elementor-size-default\">Cik ilgi m\u0113s uzglab\u0101jam j\u016bsu datus?<\/h3>\t\t\t\t<\/div>\n\t\t\t\t<\/div>\n\t\t\t\t<div class=\"elementor-element elementor-element-547c69e elementor-widget elementor-widget-text-editor\" data-id=\"547c69e\" data-element_type=\"widget\" data-e-type=\"widget\" data-widget_type=\"text-editor.default\">\n\t\t\t\t<div class=\"elementor-widget-container\">\n\t\t\t\t\t\t\t\t\t<p>J\u016bsu dati tiks glab\u0101ti tik ilgi, cik nepiecie\u0161ams, lai pien\u0101c\u012bgi sniegtu pied\u0101v\u0101to pakalpojumu, k\u0101 ar\u012b lai izpild\u012btu no t\u0101 izrieto\u0161os pien\u0101kumus un citas juridisk\u0101s pras\u012bbas.<\/p>\n\t\t\t\t\t\t\t\t<\/div>\n\t\t\t\t<\/div>\n\t\t\t\t<div class=\"elementor-element elementor-element-b8f7de5 elementor-widget elementor-widget-heading\" data-id=\"b8f7de5\" data-element_type=\"widget\" data-e-type=\"widget\" data-widget_type=\"heading.default\">\n\t\t\t\t<div class=\"elementor-widget-container\">\n\t\t\t\t\t<h3 class=\"elementor-heading-title elementor-size-default\">K\u0101di sa\u0146\u0113m\u0113ji sa\u0146ems j\u016bsu datus?<\/h3>\t\t\t\t<\/div>\n\t\t\t\t<\/div>\n\t\t\t\t<div class=\"elementor-element elementor-element-4a6884c elementor-widget elementor-widget-text-editor\" data-id=\"4a6884c\" data-element_type=\"widget\" data-e-type=\"widget\" data-widget_type=\"text-editor.default\">\n\t\t\t\t<div class=\"elementor-widget-container\">\n\t\t\t\t\t\t\t\t\t<p>Apstr\u0101d\u0101jot j\u016bsu datus, VTA var kop\u012bgot j\u016bsu datus ar:<\/p>\n<p>On Projects Advising SL k\u0101 t\u012bmek\u013ca p\u0101rvald\u012bbas un uztur\u0113\u0161anas pakalpojumu sniedz\u0113ji.<\/p>\n\t\t\t\t\t\t\t\t<\/div>\n\t\t\t\t<\/div>\n\t\t\t\t<div class=\"elementor-element elementor-element-bd575f8 elementor-widget elementor-widget-heading\" data-id=\"bd575f8\" data-element_type=\"widget\" data-e-type=\"widget\" data-widget_type=\"heading.default\">\n\t\t\t\t<div class=\"elementor-widget-container\">\n\t\t\t\t\t<h3 class=\"elementor-heading-title elementor-size-default\">K\u0101das ir manas ties\u012bbas?<\/h3>\t\t\t\t<\/div>\n\t\t\t\t<\/div>\n\t\t\t\t<div class=\"elementor-element elementor-element-86e7d4c elementor-widget elementor-widget-text-editor\" data-id=\"86e7d4c\" data-element_type=\"widget\" data-e-type=\"widget\" data-widget_type=\"text-editor.default\">\n\t\t\t\t<div class=\"elementor-widget-container\">\n\t\t\t\t\t\t\t\t\t<ul>\n<li>Piek\u013cuves ties\u012bbas: ties\u012bbas sa\u0146emt apstiprin\u0101jumu par to, vai personas dati tiek apstr\u0101d\u0101ti, k\u0101 ar\u012b ties\u012bbas piek\u013c\u016bt \u0161\u0101diem datiem.<\/li>\n<li>Ties\u012bbas labot personas datus.<\/li>\n<li>Ties\u012bbas izdz\u0113st<\/li>\n<li>Ties\u012bbas uz apstr\u0101des ierobe\u017eo\u0161anu.<\/li>\n<li>Ties\u012bbas uz datu p\u0101rne\u0161anu.<\/li>\n<li>Ties\u012bbas iebilst: ties\u012bbas iebilst pret datu apstr\u0101di.<\/li>\n<\/ul>\n\t\t\t\t\t\t\t\t<\/div>\n\t\t\t\t<\/div>\n\t\t\t\t<div class=\"elementor-element elementor-element-6ed6379 elementor-widget elementor-widget-text-editor\" data-id=\"6ed6379\" data-element_type=\"widget\" data-e-type=\"widget\" data-widget_type=\"text-editor.default\">\n\t\t\t\t<div class=\"elementor-widget-container\">\n\t\t\t\t\t\t\t\t\t<p>P\u0101rzinis saglab\u0101 ties\u012bbas ierobe\u017eot ES regulas 23. pant\u0101 noteikt\u0101s ties\u012bbas, ja \u0161\u0101ds ierobe\u017eojums ir paredz\u0113ts, lai aizsarg\u0101tu jo \u012bpa\u0161i pamatties\u012bbas un pamatbr\u012bv\u012bbas, un ir nepiecie\u0161ams un sam\u0113r\u012bgs pas\u0101kums.<\/p>\n\t\t\t\t\t\t\t\t<\/div>\n\t\t\t\t<\/div>\n\t\t\t\t<div class=\"elementor-element elementor-element-ad8c39e elementor-widget elementor-widget-heading\" data-id=\"ad8c39e\" data-element_type=\"widget\" data-e-type=\"widget\" data-widget_type=\"heading.default\">\n\t\t\t\t<div class=\"elementor-widget-container\">\n\t\t\t\t\t<h3 class=\"elementor-heading-title elementor-size-default\">Kur es varu iesniegt s\u016bdz\u012bbu?<\/h3>\t\t\t\t<\/div>\n\t\t\t\t<\/div>\n\t\t\t\t<div class=\"elementor-element elementor-element-1992850 elementor-widget elementor-widget-text-editor\" data-id=\"1992850\" data-element_type=\"widget\" data-e-type=\"widget\" data-widget_type=\"text-editor.default\">\n\t\t\t\t<div class=\"elementor-widget-container\">\n\t\t\t\t\t\t\t\t\t<p>Ja k\u0101da ieinteres\u0113t\u0101 persona uzskata, ka t\u0101s dati netiek pareizi apstr\u0101d\u0101ti, t\u0101 var s\u016bt\u012bt s\u016bdz\u012bbas uz \u0161\u0101du e-pasta adresi; <a href=\"mailto:info@highres-project.eu\">info@highres-project.eu<\/a>.<\/p>\n<p>Datu subjekts apstiprina, ka ir ieguvis visu \u0161o inform\u0101ciju.<\/p>\n\t\t\t\t\t\t\t\t<\/div>\n\t\t\t\t<\/div>\n\t\t\t\t\t<\/div>\n\t\t\t\t<\/div>\n\t\t\t\t<\/div>\n\t\t","protected":false},"excerpt":{"rendered":"<p>HIGHRES \u013coti nopietni izturas pret j\u016bsu personas datu aizsardz\u012bbu. M\u016bsu m\u0113r\u0137is ir aizsarg\u0101t j\u016bsu sniegto datu konfidencialit\u0101ti un iev\u0113rot sp\u0113k\u0101 eso\u0161os personas datu aizsardz\u012bbas noteikumus. Saska\u0146\u0101 ar 5. decembra Likumu Nr. 3\/2018 par personas datu aizsardz\u012bbu un digit\u0101lo ties\u012bbu garant\u0113\u0161anu, ar ko transpon\u0113 Regulu (ES) 2016\/679, m\u0113s inform\u0113jam j\u016bs par m\u016bsu priv\u0101tuma un datu aizsardz\u012bbas [&hellip;]<\/p>\n","protected":false},"author":1,"featured_media":0,"parent":0,"menu_order":0,"comment_status":"closed","ping_status":"closed","template":"elementor_header_footer","meta":{"footnotes":""},"class_list":["post-850","page","type-page","status-publish","hentry"],"yoast_head":"<!-- This site is optimized with the Yoast SEO plugin v27.1.1 - https:\/\/yoast.com\/product\/yoast-seo-wordpress\/ -->\n<title>Priv\u0101tuma politika - HIGHRES<\/title>\n<meta name=\"robots\" content=\"index, follow, max-snippet:-1, max-image-preview:large, max-video-preview:-1\" \/>\n<link rel=\"canonical\" href=\"https:\/\/highres-project.eu\/lv\/privatuma-politika\" \/>\n<meta property=\"og:locale\" content=\"lv_LV\" \/>\n<meta property=\"og:type\" content=\"article\" \/>\n<meta property=\"og:title\" content=\"Priv\u0101tuma politika - HIGHRES\" \/>\n<meta property=\"og:description\" content=\"HIGHRES \u013coti nopietni izturas pret j\u016bsu personas datu aizsardz\u012bbu. M\u016bsu m\u0113r\u0137is ir aizsarg\u0101t j\u016bsu sniegto datu konfidencialit\u0101ti un iev\u0113rot sp\u0113k\u0101 eso\u0161os personas datu aizsardz\u012bbas noteikumus. Saska\u0146\u0101 ar 5. decembra Likumu Nr. 3\/2018 par personas datu aizsardz\u012bbu un digit\u0101lo ties\u012bbu garant\u0113\u0161anu, ar ko transpon\u0113 Regulu (ES) 2016\/679, m\u0113s inform\u0113jam j\u016bs par m\u016bsu priv\u0101tuma un datu aizsardz\u012bbas [&hellip;]\" \/>\n<meta property=\"og:url\" content=\"https:\/\/highres-project.eu\/lv\/privatuma-politika\" \/>\n<meta property=\"og:site_name\" content=\"HIGHRES\" \/>\n<meta property=\"article:modified_time\" content=\"2024-11-12T11:54:26+00:00\" \/>\n<meta name=\"twitter:card\" content=\"summary_large_image\" \/>\n<meta name=\"twitter:label1\" content=\"Est. reading time\" \/>\n\t<meta name=\"twitter:data1\" content=\"3 minutes\" \/>\n<script type=\"application\/ld+json\" class=\"yoast-schema-graph\">{\"@context\":\"https:\/\/schema.org\",\"@graph\":[{\"@type\":\"WebPage\",\"@id\":\"https:\/\/highres-project.eu\/lv\/privatuma-politika\",\"url\":\"https:\/\/highres-project.eu\/lv\/privatuma-politika\",\"name\":\"Priv\u0101tuma politika - HIGHRES\",\"isPartOf\":{\"@id\":\"https:\/\/highres-project.eu\/#website\"},\"datePublished\":\"2024-10-14T09:24:10+00:00\",\"dateModified\":\"2024-11-12T11:54:26+00:00\",\"breadcrumb\":{\"@id\":\"https:\/\/highres-project.eu\/lv\/privatuma-politika#breadcrumb\"},\"inLanguage\":\"lv-LV\",\"potentialAction\":[{\"@type\":\"ReadAction\",\"target\":[\"https:\/\/highres-project.eu\/lv\/privatuma-politika\"]}]},{\"@type\":\"BreadcrumbList\",\"@id\":\"https:\/\/highres-project.eu\/lv\/privatuma-politika#breadcrumb\",\"itemListElement\":[{\"@type\":\"ListItem\",\"position\":1,\"name\":\"Portada\",\"item\":\"https:\/\/highres-project.eu\/lv\/majas-puse\"},{\"@type\":\"ListItem\",\"position\":2,\"name\":\"Priv\u0101tuma politika\"}]},{\"@type\":\"WebSite\",\"@id\":\"https:\/\/highres-project.eu\/#website\",\"url\":\"https:\/\/highres-project.eu\/\",\"name\":\"HIGHRES\",\"description\":\"\",\"publisher\":{\"@id\":\"https:\/\/highres-project.eu\/#organization\"},\"potentialAction\":[{\"@type\":\"SearchAction\",\"target\":{\"@type\":\"EntryPoint\",\"urlTemplate\":\"https:\/\/highres-project.eu\/?s={search_term_string}\"},\"query-input\":{\"@type\":\"PropertyValueSpecification\",\"valueRequired\":true,\"valueName\":\"search_term_string\"}}],\"inLanguage\":\"lv-LV\"},{\"@type\":\"Organization\",\"@id\":\"https:\/\/highres-project.eu\/#organization\",\"name\":\"HIGHRES\",\"url\":\"https:\/\/highres-project.eu\/\",\"logo\":{\"@type\":\"ImageObject\",\"inLanguage\":\"lv-LV\",\"@id\":\"https:\/\/highres-project.eu\/#\/schema\/logo\/image\/\",\"url\":\"https:\/\/highres-project.eu\/wp-content\/uploads\/2024\/07\/560f02408763dbeda8d6b7950dd87a3d.png\",\"contentUrl\":\"https:\/\/highres-project.eu\/wp-content\/uploads\/2024\/07\/560f02408763dbeda8d6b7950dd87a3d.png\",\"width\":4096,\"height\":1177,\"caption\":\"HIGHRES\"},\"image\":{\"@id\":\"https:\/\/highres-project.eu\/#\/schema\/logo\/image\/\"}}]}<\/script>\n<!-- \/ Yoast SEO plugin. -->","yoast_head_json":{"title":"Priv\u0101tuma politika - HIGHRES","robots":{"index":"index","follow":"follow","max-snippet":"max-snippet:-1","max-image-preview":"max-image-preview:large","max-video-preview":"max-video-preview:-1"},"canonical":"https:\/\/highres-project.eu\/lv\/privatuma-politika","og_locale":"lv_LV","og_type":"article","og_title":"Priv\u0101tuma politika - HIGHRES","og_description":"HIGHRES \u013coti nopietni izturas pret j\u016bsu personas datu aizsardz\u012bbu. M\u016bsu m\u0113r\u0137is ir aizsarg\u0101t j\u016bsu sniegto datu konfidencialit\u0101ti un iev\u0113rot sp\u0113k\u0101 eso\u0161os personas datu aizsardz\u012bbas noteikumus. Saska\u0146\u0101 ar 5. decembra Likumu Nr. 3\/2018 par personas datu aizsardz\u012bbu un digit\u0101lo ties\u012bbu garant\u0113\u0161anu, ar ko transpon\u0113 Regulu (ES) 2016\/679, m\u0113s inform\u0113jam j\u016bs par m\u016bsu priv\u0101tuma un datu aizsardz\u012bbas [&hellip;]","og_url":"https:\/\/highres-project.eu\/lv\/privatuma-politika","og_site_name":"HIGHRES","article_modified_time":"2024-11-12T11:54:26+00:00","twitter_card":"summary_large_image","twitter_misc":{"Est. reading time":"3 minutes"},"schema":{"@context":"https:\/\/schema.org","@graph":[{"@type":"WebPage","@id":"https:\/\/highres-project.eu\/lv\/privatuma-politika","url":"https:\/\/highres-project.eu\/lv\/privatuma-politika","name":"Priv\u0101tuma politika - HIGHRES","isPartOf":{"@id":"https:\/\/highres-project.eu\/#website"},"datePublished":"2024-10-14T09:24:10+00:00","dateModified":"2024-11-12T11:54:26+00:00","breadcrumb":{"@id":"https:\/\/highres-project.eu\/lv\/privatuma-politika#breadcrumb"},"inLanguage":"lv-LV","potentialAction":[{"@type":"ReadAction","target":["https:\/\/highres-project.eu\/lv\/privatuma-politika"]}]},{"@type":"BreadcrumbList","@id":"https:\/\/highres-project.eu\/lv\/privatuma-politika#breadcrumb","itemListElement":[{"@type":"ListItem","position":1,"name":"Portada","item":"https:\/\/highres-project.eu\/lv\/majas-puse"},{"@type":"ListItem","position":2,"name":"Priv\u0101tuma politika"}]},{"@type":"WebSite","@id":"https:\/\/highres-project.eu\/#website","url":"https:\/\/highres-project.eu\/","name":"HIGHRES","description":"","publisher":{"@id":"https:\/\/highres-project.eu\/#organization"},"potentialAction":[{"@type":"SearchAction","target":{"@type":"EntryPoint","urlTemplate":"https:\/\/highres-project.eu\/?s={search_term_string}"},"query-input":{"@type":"PropertyValueSpecification","valueRequired":true,"valueName":"search_term_string"}}],"inLanguage":"lv-LV"},{"@type":"Organization","@id":"https:\/\/highres-project.eu\/#organization","name":"HIGHRES","url":"https:\/\/highres-project.eu\/","logo":{"@type":"ImageObject","inLanguage":"lv-LV","@id":"https:\/\/highres-project.eu\/#\/schema\/logo\/image\/","url":"https:\/\/highres-project.eu\/wp-content\/uploads\/2024\/07\/560f02408763dbeda8d6b7950dd87a3d.png","contentUrl":"https:\/\/highres-project.eu\/wp-content\/uploads\/2024\/07\/560f02408763dbeda8d6b7950dd87a3d.png","width":4096,"height":1177,"caption":"HIGHRES"},"image":{"@id":"https:\/\/highres-project.eu\/#\/schema\/logo\/image\/"}}]}},"_links":{"self":[{"href":"https:\/\/highres-project.eu\/lv\/wp-json\/wp\/v2\/pages\/850","targetHints":{"allow":["GET"]}}],"collection":[{"href":"https:\/\/highres-project.eu\/lv\/wp-json\/wp\/v2\/pages"}],"about":[{"href":"https:\/\/highres-project.eu\/lv\/wp-json\/wp\/v2\/types\/page"}],"author":[{"embeddable":true,"href":"https:\/\/highres-project.eu\/lv\/wp-json\/wp\/v2\/users\/1"}],"replies":[{"embeddable":true,"href":"https:\/\/highres-project.eu\/lv\/wp-json\/wp\/v2\/comments?post=850"}],"version-history":[{"count":1,"href":"https:\/\/highres-project.eu\/lv\/wp-json\/wp\/v2\/pages\/850\/revisions"}],"predecessor-version":[{"id":851,"href":"https:\/\/highres-project.eu\/lv\/wp-json\/wp\/v2\/pages\/850\/revisions\/851"}],"wp:attachment":[{"href":"https:\/\/highres-project.eu\/lv\/wp-json\/wp\/v2\/media?parent=850"}],"curies":[{"name":"wp","href":"https:\/\/api.w.org\/{rel}","templated":true}]}}