{"id":706,"date":"2024-07-25T10:05:04","date_gmt":"2024-07-25T10:05:04","guid":{"rendered":"https:\/\/highres-project.eu\/kontakta"},"modified":"2025-04-22T08:30:45","modified_gmt":"2025-04-22T08:30:45","slug":"kontakta","status":"publish","type":"page","link":"https:\/\/highres-project.eu\/lv\/kontakta","title":{"rendered":"Kontakta"},"content":{"rendered":"\t\t<div data-elementor-type=\"wp-page\" data-elementor-id=\"706\" class=\"elementor elementor-706 elementor-220\" data-elementor-post-type=\"page\">\n\t\t\t\t<div class=\"elementor-element elementor-element-e42b1ce e-con-full e-flex e-con e-parent\" data-id=\"e42b1ce\" data-element_type=\"container\" data-e-type=\"container\">\n\t\t<div data-dce-background-image-url=\"https:\/\/highres-project.eu\/wp-content\/uploads\/2024\/07\/contact-header-1024x576.jpeg\" class=\"elementor-element elementor-element-c8f48dd e-con-full e-flex e-con e-child\" data-id=\"c8f48dd\" data-element_type=\"container\" data-e-type=\"container\" data-settings=\"{&quot;background_background&quot;:&quot;classic&quot;}\">\n\t\t\t\t<\/div>\n\t\t\t\t<\/div>\n\t\t<div data-dce-background-image-url=\"https:\/\/highres-project.eu\/wp-content\/uploads\/2024\/07\/HIGHRES-Back-detail2.svg\" class=\"elementor-element elementor-element-04ea4b6 e-flex e-con-boxed e-con e-parent\" data-id=\"04ea4b6\" data-element_type=\"container\" data-e-type=\"container\" data-settings=\"{&quot;background_background&quot;:&quot;classic&quot;}\">\n\t\t\t\t\t<div class=\"e-con-inner\">\n\t\t<div class=\"elementor-element elementor-element-51612db e-con-full e-flex e-con e-child\" data-id=\"51612db\" data-element_type=\"container\" data-e-type=\"container\">\n\t\t\t\t<div class=\"elementor-element elementor-element-8855e5c elementor-widget__width-initial elementor-widget-mobile__width-inherit elementor-widget elementor-widget-heading\" data-id=\"8855e5c\" data-element_type=\"widget\" data-e-type=\"widget\" data-widget_type=\"heading.default\">\n\t\t\t\t<div class=\"elementor-widget-container\">\n\t\t\t\t\t<h2 class=\"elementor-heading-title elementor-size-default\">Aizpildiet veidlapu, <i> lai sazin\u0101tos ar mums! <\/i><\/h2>\t\t\t\t<\/div>\n\t\t\t\t<\/div>\n\t\t\t\t<div class=\"elementor-element elementor-element-782f889 elementor-widget__width-initial elementor-widget-mobile__width-inherit elementor-button-align-stretch elementor-widget elementor-widget-form\" data-id=\"782f889\" data-element_type=\"widget\" data-e-type=\"widget\" data-settings=\"{&quot;button_width&quot;:&quot;30&quot;,&quot;dce_confirm_dialog_enabled&quot;:&quot;no&quot;,&quot;step_type&quot;:&quot;number_text&quot;,&quot;step_icon_shape&quot;:&quot;circle&quot;,&quot;label_icon_size&quot;:{&quot;unit&quot;:&quot;px&quot;,&quot;size&quot;:&quot;&quot;,&quot;sizes&quot;:[]},&quot;field_icon_size&quot;:{&quot;unit&quot;:&quot;px&quot;,&quot;size&quot;:&quot;&quot;,&quot;sizes&quot;:[]}}\" data-widget_type=\"form.default\">\n\t\t\t\t<div class=\"elementor-widget-container\">\n\t\t\t\t\t\t\t<form class=\"elementor-form\" method=\"post\" name=\"Contact Form\" aria-label=\"Contact Form\">\n\t\t\t<input type=\"hidden\" name=\"post_id\" value=\"706\"\/>\n\t\t\t<input type=\"hidden\" name=\"form_id\" value=\"782f889\"\/>\n\t\t\t<input type=\"hidden\" name=\"referer_title\" value=\"Kontakta - HIGHRES\" \/>\n\n\t\t\t\t\t\t\t<input type=\"hidden\" name=\"queried_id\" value=\"706\"\/>\n\t\t\t\n\t\t\t<div class=\"elementor-form-fields-wrapper elementor-labels-\">\n\t\t\t\t\t\t\t\t<div class=\"elementor-field-type-text elementor-field-group elementor-column elementor-field-group-email elementor-col-100 elementor-field-required\">\n\t\t\t\t\t\t\t\t\t\t\t\t<label for=\"form-field-email\" class=\"elementor-field-label elementor-screen-only\">\n\t\t\t\t\t\t\t\tV\u0101rds\t\t\t\t\t\t\t<\/label>\n\t\t\t\t\t\t\t\t\t\t\t\t\t\t<input size=\"1\" type=\"text\" name=\"form_fields[email]\" id=\"form-field-email\" class=\"elementor-field elementor-size-sm  elementor-field-textual\" placeholder=\"V\u0101rds\" required=\"required\">\n\t\t\t\t\t\t\t\t\t\t\t<\/div>\n\t\t\t\t\t\t\t\t<div class=\"elementor-field-type-text elementor-field-group elementor-column elementor-field-group-field_61ed655 elementor-col-100 elementor-field-required\">\n\t\t\t\t\t\t\t\t\t\t\t\t<label for=\"form-field-field_61ed655\" class=\"elementor-field-label elementor-screen-only\">\n\t\t\t\t\t\t\t\tUzv\u0101rds\t\t\t\t\t\t\t<\/label>\n\t\t\t\t\t\t\t\t\t\t\t\t\t\t<input size=\"1\" type=\"text\" name=\"form_fields[field_61ed655]\" id=\"form-field-field_61ed655\" class=\"elementor-field elementor-size-sm  elementor-field-textual\" placeholder=\"Uzv\u0101rds\" required=\"required\">\n\t\t\t\t\t\t\t\t\t\t\t<\/div>\n\t\t\t\t\t\t\t\t<div class=\"elementor-field-type-email elementor-field-group elementor-column elementor-field-group-field_c576fd3 elementor-col-100 elementor-field-required\">\n\t\t\t\t\t\t\t\t\t\t\t\t<label for=\"form-field-field_c576fd3\" class=\"elementor-field-label elementor-screen-only\">\n\t\t\t\t\t\t\t\tEmail\t\t\t\t\t\t\t<\/label>\n\t\t\t\t\t\t\t\t\t\t\t\t\t\t<input size=\"1\" type=\"email\" name=\"form_fields[field_c576fd3]\" id=\"form-field-field_c576fd3\" class=\"elementor-field elementor-size-sm  elementor-field-textual\" placeholder=\"J\u016bsu e-pasts\" required=\"required\">\n\t\t\t\t\t\t\t\t\t\t\t<\/div>\n\t\t\t\t\t\t\t\t<div class=\"elementor-field-type-text\">\n\t\t\t\t\t<input size=\"1\" type=\"text\" name=\"form_fields[field_8542f37]\" id=\"form-field-field_8542f37\" class=\"elementor-field elementor-size-sm \" style=\"display:none !important;\">\t\t\t\t<\/div>\n\t\t\t\t\t\t\t\t<div class=\"elementor-field-type-textarea elementor-field-group elementor-column elementor-field-group-field_70dec42 elementor-col-100 elementor-field-required\">\n\t\t\t\t\t\t\t\t\t\t\t\t<label for=\"form-field-field_70dec42\" class=\"elementor-field-label elementor-screen-only\">\n\t\t\t\t\t\t\t\tMessage\t\t\t\t\t\t\t<\/label>\n\t\t\t\t\t\t<textarea class=\"elementor-field-textual elementor-field  elementor-size-sm\" name=\"form_fields[field_70dec42]\" id=\"form-field-field_70dec42\" rows=\"4\" placeholder=\"Uzrakstiet mums zi\u0146u\" required=\"required\"><\/textarea>\t\t\t\t<\/div>\n\t\t\t\t\t\t\t\t<div class=\"elementor-field-group elementor-column elementor-field-type-submit elementor-col-30 e-form__buttons\">\n\t\t\t\t\t<button class=\"elementor-button elementor-size-sm\" type=\"submit\">\n\t\t\t\t\t\t<span class=\"elementor-button-content-wrapper\">\n\t\t\t\t\t\t\t\t\t\t\t\t\t\t\t\t\t\t\t\t\t\t<span class=\"elementor-button-text\">S\u016bt\u012bt<\/span>\n\t\t\t\t\t\t\t\t\t\t\t\t\t<\/span>\n\t\t\t\t\t<\/button>\n\t\t\t\t<\/div>\n\t\t\t<\/div>\n\t\t<\/form>\n\t\t\t\t\t\t<\/div>\n\t\t\t\t<\/div>\n\t\t\t\t<\/div>\n\t\t<div class=\"elementor-element elementor-element-9564e1e e-con-full e-flex e-con e-child\" data-id=\"9564e1e\" data-element_type=\"container\" data-e-type=\"container\">\n\t\t\t\t<div class=\"elementor-element elementor-element-169e167 elementor-widget__width-initial elementor-widget elementor-widget-heading\" data-id=\"169e167\" data-element_type=\"widget\" data-e-type=\"widget\" data-widget_type=\"heading.default\">\n\t\t\t\t<div class=\"elementor-widget-container\">\n\t\t\t\t\t<h2 class=\"elementor-heading-title elementor-size-default\">Inform\u0101cija par projektu<\/h2>\t\t\t\t<\/div>\n\t\t\t\t<\/div>\n\t\t\t\t<div class=\"elementor-element elementor-element-45db493 elementor-widget__width-initial elementor-widget elementor-widget-text-editor\" data-id=\"45db493\" data-element_type=\"widget\" data-e-type=\"widget\" data-widget_type=\"text-editor.default\">\n\t\t\t\t<div class=\"elementor-widget-container\">\n\t\t\t\t\t\t\t\t\t<p><strong>Programma:<\/strong> Erasmus+<br><strong>Ilgums:<\/strong> 2023. gada decembris &#8211; 2025. gada decembris<br><strong>Koordinators:<\/strong> Vidzemes T\u016brisma asoci\u0101cija<br><strong>Projekta numurs:<\/strong> 2023-1-LV01-KA220-ADU-000160743<\/p>\t\t\t\t\t\t\t\t<\/div>\n\t\t\t\t<\/div>\n\t\t\t\t<\/div>\n\t\t\t\t\t<\/div>\n\t\t\t\t<\/div>\n\t\t\t\t<\/div>\n\t\t","protected":false},"excerpt":{"rendered":"<p>Aizpildiet veidlapu, lai sazin\u0101tos ar mums! Inform\u0101cija par projektu Programma: Erasmus+Ilgums: 2023. gada decembris &#8211; 2025. gada decembrisKoordinators: Vidzemes T\u016brisma asoci\u0101cijaProjekta numurs: 2023-1-LV01-KA220-ADU-000160743<\/p>\n","protected":false},"author":1,"featured_media":0,"parent":0,"menu_order":0,"comment_status":"closed","ping_status":"closed","template":"elementor_header_footer","meta":{"footnotes":""},"class_list":["post-706","page","type-page","status-publish","hentry"],"yoast_head":"<!-- This site is optimized with the Yoast SEO plugin v27.1.1 - https:\/\/yoast.com\/product\/yoast-seo-wordpress\/ -->\n<title>Kontakta - HIGHRES<\/title>\n<meta name=\"robots\" content=\"index, follow, max-snippet:-1, max-image-preview:large, max-video-preview:-1\" \/>\n<link rel=\"canonical\" href=\"https:\/\/highres-project.eu\/lv\/kontakta\" \/>\n<meta property=\"og:locale\" content=\"lv_LV\" \/>\n<meta property=\"og:type\" content=\"article\" \/>\n<meta property=\"og:title\" content=\"Kontakta - HIGHRES\" \/>\n<meta property=\"og:description\" content=\"Aizpildiet veidlapu, lai sazin\u0101tos ar mums! Inform\u0101cija par projektu Programma: Erasmus+Ilgums: 2023. gada decembris &#8211; 2025. gada decembrisKoordinators: Vidzemes T\u016brisma asoci\u0101cijaProjekta numurs: 2023-1-LV01-KA220-ADU-000160743\" \/>\n<meta property=\"og:url\" content=\"https:\/\/highres-project.eu\/lv\/kontakta\" \/>\n<meta property=\"og:site_name\" content=\"HIGHRES\" \/>\n<meta property=\"article:modified_time\" content=\"2025-04-22T08:30:45+00:00\" \/>\n<meta name=\"twitter:card\" content=\"summary_large_image\" \/>\n<script type=\"application\/ld+json\" class=\"yoast-schema-graph\">{\"@context\":\"https:\/\/schema.org\",\"@graph\":[{\"@type\":\"WebPage\",\"@id\":\"https:\/\/highres-project.eu\/lv\/kontakta\",\"url\":\"https:\/\/highres-project.eu\/lv\/kontakta\",\"name\":\"Kontakta - HIGHRES\",\"isPartOf\":{\"@id\":\"https:\/\/highres-project.eu\/#website\"},\"datePublished\":\"2024-07-25T10:05:04+00:00\",\"dateModified\":\"2025-04-22T08:30:45+00:00\",\"breadcrumb\":{\"@id\":\"https:\/\/highres-project.eu\/lv\/kontakta#breadcrumb\"},\"inLanguage\":\"lv-LV\",\"potentialAction\":[{\"@type\":\"ReadAction\",\"target\":[\"https:\/\/highres-project.eu\/lv\/kontakta\"]}]},{\"@type\":\"BreadcrumbList\",\"@id\":\"https:\/\/highres-project.eu\/lv\/kontakta#breadcrumb\",\"itemListElement\":[{\"@type\":\"ListItem\",\"position\":1,\"name\":\"Portada\",\"item\":\"https:\/\/highres-project.eu\/lv\/majas-puse\"},{\"@type\":\"ListItem\",\"position\":2,\"name\":\"Kontakta\"}]},{\"@type\":\"WebSite\",\"@id\":\"https:\/\/highres-project.eu\/#website\",\"url\":\"https:\/\/highres-project.eu\/\",\"name\":\"HIGHRES\",\"description\":\"\",\"publisher\":{\"@id\":\"https:\/\/highres-project.eu\/#organization\"},\"potentialAction\":[{\"@type\":\"SearchAction\",\"target\":{\"@type\":\"EntryPoint\",\"urlTemplate\":\"https:\/\/highres-project.eu\/?s={search_term_string}\"},\"query-input\":{\"@type\":\"PropertyValueSpecification\",\"valueRequired\":true,\"valueName\":\"search_term_string\"}}],\"inLanguage\":\"lv-LV\"},{\"@type\":\"Organization\",\"@id\":\"https:\/\/highres-project.eu\/#organization\",\"name\":\"HIGHRES\",\"url\":\"https:\/\/highres-project.eu\/\",\"logo\":{\"@type\":\"ImageObject\",\"inLanguage\":\"lv-LV\",\"@id\":\"https:\/\/highres-project.eu\/#\/schema\/logo\/image\/\",\"url\":\"https:\/\/highres-project.eu\/wp-content\/uploads\/2024\/07\/560f02408763dbeda8d6b7950dd87a3d.png\",\"contentUrl\":\"https:\/\/highres-project.eu\/wp-content\/uploads\/2024\/07\/560f02408763dbeda8d6b7950dd87a3d.png\",\"width\":4096,\"height\":1177,\"caption\":\"HIGHRES\"},\"image\":{\"@id\":\"https:\/\/highres-project.eu\/#\/schema\/logo\/image\/\"}}]}<\/script>\n<!-- \/ Yoast SEO plugin. -->","yoast_head_json":{"title":"Kontakta - HIGHRES","robots":{"index":"index","follow":"follow","max-snippet":"max-snippet:-1","max-image-preview":"max-image-preview:large","max-video-preview":"max-video-preview:-1"},"canonical":"https:\/\/highres-project.eu\/lv\/kontakta","og_locale":"lv_LV","og_type":"article","og_title":"Kontakta - HIGHRES","og_description":"Aizpildiet veidlapu, lai sazin\u0101tos ar mums! Inform\u0101cija par projektu Programma: Erasmus+Ilgums: 2023. gada decembris &#8211; 2025. gada decembrisKoordinators: Vidzemes T\u016brisma asoci\u0101cijaProjekta numurs: 2023-1-LV01-KA220-ADU-000160743","og_url":"https:\/\/highres-project.eu\/lv\/kontakta","og_site_name":"HIGHRES","article_modified_time":"2025-04-22T08:30:45+00:00","twitter_card":"summary_large_image","schema":{"@context":"https:\/\/schema.org","@graph":[{"@type":"WebPage","@id":"https:\/\/highres-project.eu\/lv\/kontakta","url":"https:\/\/highres-project.eu\/lv\/kontakta","name":"Kontakta - HIGHRES","isPartOf":{"@id":"https:\/\/highres-project.eu\/#website"},"datePublished":"2024-07-25T10:05:04+00:00","dateModified":"2025-04-22T08:30:45+00:00","breadcrumb":{"@id":"https:\/\/highres-project.eu\/lv\/kontakta#breadcrumb"},"inLanguage":"lv-LV","potentialAction":[{"@type":"ReadAction","target":["https:\/\/highres-project.eu\/lv\/kontakta"]}]},{"@type":"BreadcrumbList","@id":"https:\/\/highres-project.eu\/lv\/kontakta#breadcrumb","itemListElement":[{"@type":"ListItem","position":1,"name":"Portada","item":"https:\/\/highres-project.eu\/lv\/majas-puse"},{"@type":"ListItem","position":2,"name":"Kontakta"}]},{"@type":"WebSite","@id":"https:\/\/highres-project.eu\/#website","url":"https:\/\/highres-project.eu\/","name":"HIGHRES","description":"","publisher":{"@id":"https:\/\/highres-project.eu\/#organization"},"potentialAction":[{"@type":"SearchAction","target":{"@type":"EntryPoint","urlTemplate":"https:\/\/highres-project.eu\/?s={search_term_string}"},"query-input":{"@type":"PropertyValueSpecification","valueRequired":true,"valueName":"search_term_string"}}],"inLanguage":"lv-LV"},{"@type":"Organization","@id":"https:\/\/highres-project.eu\/#organization","name":"HIGHRES","url":"https:\/\/highres-project.eu\/","logo":{"@type":"ImageObject","inLanguage":"lv-LV","@id":"https:\/\/highres-project.eu\/#\/schema\/logo\/image\/","url":"https:\/\/highres-project.eu\/wp-content\/uploads\/2024\/07\/560f02408763dbeda8d6b7950dd87a3d.png","contentUrl":"https:\/\/highres-project.eu\/wp-content\/uploads\/2024\/07\/560f02408763dbeda8d6b7950dd87a3d.png","width":4096,"height":1177,"caption":"HIGHRES"},"image":{"@id":"https:\/\/highres-project.eu\/#\/schema\/logo\/image\/"}}]}},"_links":{"self":[{"href":"https:\/\/highres-project.eu\/lv\/wp-json\/wp\/v2\/pages\/706","targetHints":{"allow":["GET"]}}],"collection":[{"href":"https:\/\/highres-project.eu\/lv\/wp-json\/wp\/v2\/pages"}],"about":[{"href":"https:\/\/highres-project.eu\/lv\/wp-json\/wp\/v2\/types\/page"}],"author":[{"embeddable":true,"href":"https:\/\/highres-project.eu\/lv\/wp-json\/wp\/v2\/users\/1"}],"replies":[{"embeddable":true,"href":"https:\/\/highres-project.eu\/lv\/wp-json\/wp\/v2\/comments?post=706"}],"version-history":[{"count":4,"href":"https:\/\/highres-project.eu\/lv\/wp-json\/wp\/v2\/pages\/706\/revisions"}],"predecessor-version":[{"id":1074,"href":"https:\/\/highres-project.eu\/lv\/wp-json\/wp\/v2\/pages\/706\/revisions\/1074"}],"wp:attachment":[{"href":"https:\/\/highres-project.eu\/lv\/wp-json\/wp\/v2\/media?parent=706"}],"curies":[{"name":"wp","href":"https:\/\/api.w.org\/{rel}","templated":true}]}}