{"id":797,"date":"2024-10-14T09:24:10","date_gmt":"2024-10-14T09:24:10","guid":{"rendered":"https:\/\/highres-project.eu\/politica-de-privacidad"},"modified":"2024-11-07T11:23:20","modified_gmt":"2024-11-07T11:23:20","slug":"politica-de-privacidad","status":"publish","type":"page","link":"https:\/\/highres-project.eu\/es\/politica-de-privacidad","title":{"rendered":"Pol\u00edtica de privacidad"},"content":{"rendered":"\t\t<div data-elementor-type=\"wp-page\" data-elementor-id=\"797\" class=\"elementor elementor-797 elementor-350\" data-elementor-post-type=\"page\">\n\t\t\t\t<div class=\"elementor-element elementor-element-41a947c e-con-full e-flex e-con e-parent\" data-id=\"41a947c\" data-element_type=\"container\" data-e-type=\"container\">\n\t\t<div class=\"elementor-element elementor-element-ba62fae e-con-full e-flex e-con e-child\" data-id=\"ba62fae\" data-element_type=\"container\" data-e-type=\"container\" data-settings=\"{&quot;background_background&quot;:&quot;classic&quot;}\">\n\t\t\t\t<div class=\"elementor-element elementor-element-5f32390 elementor-widget elementor-widget-heading\" data-id=\"5f32390\" data-element_type=\"widget\" data-e-type=\"widget\" data-widget_type=\"heading.default\">\n\t\t\t\t<div class=\"elementor-widget-container\">\n\t\t\t\t\t<h2 class=\"elementor-heading-title elementor-size-default\">Pol\u00edtica de privacidad<\/h2>\t\t\t\t<\/div>\n\t\t\t\t<\/div>\n\t\t\t\t<\/div>\n\t\t\t\t<\/div>\n\t\t<div data-dce-background-image-url=\"https:\/\/highres-project.eu\/wp-content\/uploads\/2024\/07\/HIGHRES-Back-detail2.svg\" class=\"elementor-element elementor-element-18c43ac e-flex e-con-boxed e-con e-parent\" data-id=\"18c43ac\" data-element_type=\"container\" data-e-type=\"container\" data-settings=\"{&quot;background_background&quot;:&quot;classic&quot;}\">\n\t\t\t\t\t<div class=\"e-con-inner\">\n\t\t\t\t<div class=\"elementor-element elementor-element-c8f0f27 elementor-widget elementor-widget-text-editor\" data-id=\"c8f0f27\" data-element_type=\"widget\" data-e-type=\"widget\" data-widget_type=\"text-editor.default\">\n\t\t\t\t<div class=\"elementor-widget-container\">\n\t\t\t\t\t\t\t\t\t<p>En <strong>HIGHRES<\/strong> nos tomamos muy en serio la protecci\u00f3n de sus datos personales. Nuestro prop\u00f3sito es proteger la privacidad de los datos que nos proporciona y cumplir con la normativa vigente en materia de protecci\u00f3n de datos personales. <\/p>\n<p>En cumplimiento de la Ley 3\/2018, de 5 de diciembre, de Protecci\u00f3n de Datos Personales y Garant\u00eda de los Derechos Digitales que transpone el Reglamento (UE) 2016\/679, le informamos de la siguiente informaci\u00f3n sobre nuestra pol\u00edtica de privacidad y protecci\u00f3n de datos:<\/p>\n\t\t\t\t\t\t\t\t<\/div>\n\t\t\t\t<\/div>\n\t\t\t\t<div class=\"elementor-element elementor-element-a6e1f5c elementor-widget elementor-widget-heading\" data-id=\"a6e1f5c\" data-element_type=\"widget\" data-e-type=\"widget\" data-widget_type=\"heading.default\">\n\t\t\t\t<div class=\"elementor-widget-container\">\n\t\t\t\t\t<h3 class=\"elementor-heading-title elementor-size-default\">\u00bfQui\u00e9n es el responsable del tratamiento de sus datos?<\/h3>\t\t\t\t<\/div>\n\t\t\t\t<\/div>\n\t\t\t\t<div class=\"elementor-element elementor-element-ae71148 elementor-widget elementor-widget-text-editor\" data-id=\"ae71148\" data-element_type=\"widget\" data-e-type=\"widget\" data-widget_type=\"text-editor.default\">\n\t\t\t\t<div class=\"elementor-widget-container\">\n\t\t\t\t\t\t\t\t\t<p>La organizaci\u00f3n responsable de sus datos es <strong>Vidzeme Tourism Association (VTA)<\/strong>. Se trata de ONG con sede en C\u0113sis, Letonia. <\/p>\n\t\t\t\t\t\t\t\t<\/div>\n\t\t\t\t<\/div>\n\t\t<div class=\"elementor-element elementor-element-5ba6cf8 e-con-full e-flex e-con e-child\" data-id=\"5ba6cf8\" data-element_type=\"container\" data-e-type=\"container\">\n\t\t<div class=\"elementor-element elementor-element-9864ddf e-con-full e-flex e-con e-child\" data-id=\"9864ddf\" data-element_type=\"container\" data-e-type=\"container\" data-settings=\"{&quot;background_background&quot;:&quot;classic&quot;}\">\n\t\t\t\t<div class=\"elementor-element elementor-element-966f314 elementor-widget__width-initial elementor-widget elementor-widget-heading\" data-id=\"966f314\" data-element_type=\"widget\" data-e-type=\"widget\" data-widget_type=\"heading.default\">\n\t\t\t\t<div class=\"elementor-widget-container\">\n\t\t\t\t\t<div class=\"elementor-heading-title elementor-size-default\">Direcci\u00f3n<\/div>\t\t\t\t<\/div>\n\t\t\t\t<\/div>\n\t\t\t\t<div class=\"elementor-element elementor-element-6bb124c elementor-widget__width-initial elementor-widget elementor-widget-heading\" data-id=\"6bb124c\" data-element_type=\"widget\" data-e-type=\"widget\" data-widget_type=\"heading.default\">\n\t\t\t\t<div class=\"elementor-widget-container\">\n\t\t\t\t\t<div class=\"elementor-heading-title elementor-size-default\">Pils laukums 1 LV-4101 C\u0113sis, Letonia<\/div>\t\t\t\t<\/div>\n\t\t\t\t<\/div>\n\t\t\t\t<\/div>\n\t\t<div class=\"elementor-element elementor-element-0103c24 e-con-full e-flex e-con e-child\" data-id=\"0103c24\" data-element_type=\"container\" data-e-type=\"container\">\n\t\t\t\t<div class=\"elementor-element elementor-element-7eea206 elementor-widget__width-initial elementor-widget elementor-widget-heading\" data-id=\"7eea206\" data-element_type=\"widget\" data-e-type=\"widget\" data-widget_type=\"heading.default\">\n\t\t\t\t<div class=\"elementor-widget-container\">\n\t\t\t\t\t<div class=\"elementor-heading-title elementor-size-default\">Correo electr\u00f3nico<\/div>\t\t\t\t<\/div>\n\t\t\t\t<\/div>\n\t\t\t\t<div data-dce-title-color=\"#26B262\" class=\"elementor-element elementor-element-5140585 elementor-widget__width-initial elementor-widget elementor-widget-heading\" data-id=\"5140585\" data-element_type=\"widget\" data-e-type=\"widget\" data-widget_type=\"heading.default\">\n\t\t\t\t<div class=\"elementor-widget-container\">\n\t\t\t\t\t<div class=\"elementor-heading-title elementor-size-default\"><a href=\"mailto:blum@regiovision-sn.de\">info@vidzeme.com\u200b<\/a><\/div>\t\t\t\t<\/div>\n\t\t\t\t<\/div>\n\t\t\t\t<\/div>\n\t\t<div class=\"elementor-element elementor-element-685b687 e-con-full e-flex e-con e-child\" data-id=\"685b687\" data-element_type=\"container\" data-e-type=\"container\" data-settings=\"{&quot;background_background&quot;:&quot;classic&quot;}\">\n\t\t\t\t<div class=\"elementor-element elementor-element-5f475a6 elementor-widget__width-initial elementor-widget elementor-widget-heading\" data-id=\"5f475a6\" data-element_type=\"widget\" data-e-type=\"widget\" data-widget_type=\"heading.default\">\n\t\t\t\t<div class=\"elementor-widget-container\">\n\t\t\t\t\t<div class=\"elementor-heading-title elementor-size-default\">Tel\u00e9fono<\/div>\t\t\t\t<\/div>\n\t\t\t\t<\/div>\n\t\t\t\t<div class=\"elementor-element elementor-element-b96f7d1 elementor-widget__width-initial elementor-widget elementor-widget-heading\" data-id=\"b96f7d1\" data-element_type=\"widget\" data-e-type=\"widget\" data-widget_type=\"heading.default\">\n\t\t\t\t<div class=\"elementor-widget-container\">\n\t\t\t\t\t<div class=\"elementor-heading-title elementor-size-default\">+371 641 22011\u200b<\/div>\t\t\t\t<\/div>\n\t\t\t\t<\/div>\n\t\t\t\t<\/div>\n\t\t\t\t<\/div>\n\t\t\t\t<div class=\"elementor-element elementor-element-42202aa elementor-widget elementor-widget-heading\" data-id=\"42202aa\" data-element_type=\"widget\" data-e-type=\"widget\" data-widget_type=\"heading.default\">\n\t\t\t\t<div class=\"elementor-widget-container\">\n\t\t\t\t\t<h3 class=\"elementor-heading-title elementor-size-default\">\u00bfCu\u00e1l es la finalidad del tratamiento?<\/h3>\t\t\t\t<\/div>\n\t\t\t\t<\/div>\n\t\t\t\t<div class=\"elementor-element elementor-element-9124578 elementor-widget elementor-widget-text-editor\" data-id=\"9124578\" data-element_type=\"widget\" data-e-type=\"widget\" data-widget_type=\"text-editor.default\">\n\t\t\t\t<div class=\"elementor-widget-container\">\n\t\t\t\t\t\t\t\t\t<ul>\n<li style=\"font-weight: 400;\" aria-level=\"1\"><span style=\"font-weight: 400;\">Responder a las peticiones, quejas e incidencias trasladadas a trav\u00e9s de nuestros canales de contacto incorporados en la web.<\/span><\/li>\n<li style=\"font-weight: 400;\" aria-level=\"1\"><span style=\"font-weight: 400;\">Conocer el comportamiento del navegante dentro de la web para detectar posibles ataques inform\u00e1ticos a nuestra web.<\/span><\/li>\n<li style=\"font-weight: 400;\" aria-level=\"1\"><span style=\"font-weight: 400;\">Cumplir con las obligaciones legales que nos son directamente aplicables y que regulan nuestra actividad.<\/span><\/li>\n<li style=\"font-weight: 400;\" aria-level=\"1\"><span style=\"font-weight: 400;\">Proteger y ejercer nuestros derechos o responder a reclamaciones de cualquier tipo.<\/span><\/li>\n<li style=\"font-weight: 400;\" aria-level=\"1\"><span style=\"font-weight: 400;\">Env\u00edo de boletines informativos sobre los bienes o servicios que conforman la actividad del responsable o noticias relacionadas con su actividad.<\/span><\/li>\n<\/ul>\n\t\t\t\t\t\t\t\t<\/div>\n\t\t\t\t<\/div>\n\t\t\t\t<div class=\"elementor-element elementor-element-c0f9e58 elementor-widget elementor-widget-heading\" data-id=\"c0f9e58\" data-element_type=\"widget\" data-e-type=\"widget\" data-widget_type=\"heading.default\">\n\t\t\t\t<div class=\"elementor-widget-container\">\n\t\t\t\t\t<h3 class=\"elementor-heading-title elementor-size-default\">\u00bfCu\u00e1l es la base legal para el tratamiento de sus datos?<\/h3>\t\t\t\t<\/div>\n\t\t\t\t<\/div>\n\t\t\t\t<div class=\"elementor-element elementor-element-14a2ffe elementor-widget elementor-widget-text-editor\" data-id=\"14a2ffe\" data-element_type=\"widget\" data-e-type=\"widget\" data-widget_type=\"text-editor.default\">\n\t\t\t\t<div class=\"elementor-widget-container\">\n\t\t\t\t\t\t\t\t\t<p>La base legal para el tratamiento de sus datos es el consentimiento del interesado seg\u00fan el art\u00edculo 6.1 a) del Reglamento, as\u00ed como el inter\u00e9s leg\u00edtimo del responsable del tratamiento seg\u00fan el art\u00edculo 6.1 f) del Reglamento.<\/p>\n<p>Los datos que le solicitamos son los adecuados, pertinentes y estrictamente necesarios y en ning\u00fan caso est\u00e1 obligado a facilit\u00e1rnoslos, pero su no comunicaci\u00f3n puede afectar a la finalidad del servicio o a la imposibilidad de prestarlo.<\/p>\n\t\t\t\t\t\t\t\t<\/div>\n\t\t\t\t<\/div>\n\t\t\t\t<div class=\"elementor-element elementor-element-0bf2a99 elementor-widget elementor-widget-heading\" data-id=\"0bf2a99\" data-element_type=\"widget\" data-e-type=\"widget\" data-widget_type=\"heading.default\">\n\t\t\t\t<div class=\"elementor-widget-container\">\n\t\t\t\t\t<h3 class=\"elementor-heading-title elementor-size-default\">\u00bfDurante cu\u00e1nto tiempo conservamos sus datos?<\/h3>\t\t\t\t<\/div>\n\t\t\t\t<\/div>\n\t\t\t\t<div class=\"elementor-element elementor-element-547c69e elementor-widget elementor-widget-text-editor\" data-id=\"547c69e\" data-element_type=\"widget\" data-e-type=\"widget\" data-widget_type=\"text-editor.default\">\n\t\t\t\t<div class=\"elementor-widget-container\">\n\t\t\t\t\t\t\t\t\t<p>Sus datos ser\u00e1n conservados durante el tiempo necesario para la correcta prestaci\u00f3n del servicio ofrecido, as\u00ed como para atender las responsabilidades que puedan derivarse del mismo y cualquier otro requerimiento legal.<\/p>\n\t\t\t\t\t\t\t\t<\/div>\n\t\t\t\t<\/div>\n\t\t\t\t<div class=\"elementor-element elementor-element-b8f7de5 elementor-widget elementor-widget-heading\" data-id=\"b8f7de5\" data-element_type=\"widget\" data-e-type=\"widget\" data-widget_type=\"heading.default\">\n\t\t\t\t<div class=\"elementor-widget-container\">\n\t\t\t\t\t<h3 class=\"elementor-heading-title elementor-size-default\">\u00bfQu\u00e9 destinatarios recibir\u00e1n sus datos?<\/h3>\t\t\t\t<\/div>\n\t\t\t\t<\/div>\n\t\t\t\t<div class=\"elementor-element elementor-element-4a6884c elementor-widget elementor-widget-text-editor\" data-id=\"4a6884c\" data-element_type=\"widget\" data-e-type=\"widget\" data-widget_type=\"text-editor.default\">\n\t\t\t\t<div class=\"elementor-widget-container\">\n\t\t\t\t\t\t\t\t\t<p>En el curso del tratamiento de sus datos, VTA puede compartir sus datos con:<\/p>\n<p>On Projects Advising SL, como proveedores de servicios de gesti\u00f3n y mantenimiento de la web.<\/p>\n\t\t\t\t\t\t\t\t<\/div>\n\t\t\t\t<\/div>\n\t\t\t\t<div class=\"elementor-element elementor-element-bd575f8 elementor-widget elementor-widget-heading\" data-id=\"bd575f8\" data-element_type=\"widget\" data-e-type=\"widget\" data-widget_type=\"heading.default\">\n\t\t\t\t<div class=\"elementor-widget-container\">\n\t\t\t\t\t<h3 class=\"elementor-heading-title elementor-size-default\">\u00bfCu\u00e1les son mis derechos?<\/h3>\t\t\t\t<\/div>\n\t\t\t\t<\/div>\n\t\t\t\t<div class=\"elementor-element elementor-element-86e7d4c elementor-widget elementor-widget-text-editor\" data-id=\"86e7d4c\" data-element_type=\"widget\" data-e-type=\"widget\" data-widget_type=\"text-editor.default\">\n\t\t\t\t<div class=\"elementor-widget-container\">\n\t\t\t\t\t\t\t\t\t<ul>\n<li>Derecho de acceso: derecho a obtener confirmaci\u00f3n de si se est\u00e1n tratando datos personales, as\u00ed como el derecho de acceso a dichos datos.<\/li>\n<li>Derecho de rectificaci\u00f3n de los datos personales.<\/li>\n<li>Derecho de supresi\u00f3n<\/li>\n<li>Derecho a la limitaci\u00f3n del tratamiento<\/li>\n<li>Derecho a la portabilidad de los datos<\/li>\n<li>Derecho de oposici\u00f3n: derecho a oponerse al tratamiento de los datos.<\/li>\n<\/ul>\n\t\t\t\t\t\t\t\t<\/div>\n\t\t\t\t<\/div>\n\t\t\t\t<div class=\"elementor-element elementor-element-6ed6379 elementor-widget elementor-widget-text-editor\" data-id=\"6ed6379\" data-element_type=\"widget\" data-e-type=\"widget\" data-widget_type=\"text-editor.default\">\n\t\t\t\t<div class=\"elementor-widget-container\">\n\t\t\t\t\t\t\t\t\t<p>El responsable del tratamiento se conserva el derecho a restringir los derechos establecidos en el art\u00edculo 23 del Reglamento de la UE, si dicha restricci\u00f3n se establece para salvaguardar, en particular, los derechos y libertades fundamentales y es una medida necesaria y proporcionada.<\/p>\n\t\t\t\t\t\t\t\t<\/div>\n\t\t\t\t<\/div>\n\t\t\t\t<div class=\"elementor-element elementor-element-ad8c39e elementor-widget elementor-widget-heading\" data-id=\"ad8c39e\" data-element_type=\"widget\" data-e-type=\"widget\" data-widget_type=\"heading.default\">\n\t\t\t\t<div class=\"elementor-widget-container\">\n\t\t\t\t\t<h3 class=\"elementor-heading-title elementor-size-default\">\u00bfD\u00f3nde puedo reclamar?<\/h3>\t\t\t\t<\/div>\n\t\t\t\t<\/div>\n\t\t\t\t<div class=\"elementor-element elementor-element-1992850 elementor-widget elementor-widget-text-editor\" data-id=\"1992850\" data-element_type=\"widget\" data-e-type=\"widget\" data-widget_type=\"text-editor.default\">\n\t\t\t\t<div class=\"elementor-widget-container\">\n\t\t\t\t\t\t\t\t\t<p>Si alg\u00fan interesado considera que sus datos no est\u00e1n siendo tratados correctamente, puede enviar sus quejas a la siguiente direcci\u00f3n de correo electr\u00f3nico; <a href=\"mailto:info@highres-project.eu\">info@highres-project.eu<\/a>.<\/p>\n<p>El interesado declara haber adquirido toda esta informaci\u00f3n.<\/p>\n\t\t\t\t\t\t\t\t<\/div>\n\t\t\t\t<\/div>\n\t\t\t\t\t<\/div>\n\t\t\t\t<\/div>\n\t\t\t\t<\/div>\n\t\t","protected":false},"excerpt":{"rendered":"<p>En HIGHRES nos tomamos muy en serio la protecci\u00f3n de sus datos personales. Nuestro prop\u00f3sito es proteger la privacidad de los datos que nos proporciona y cumplir con la normativa vigente en materia de protecci\u00f3n de datos personales. En cumplimiento de la Ley 3\/2018, de 5 de diciembre, de Protecci\u00f3n de Datos Personales y Garant\u00eda [&hellip;]<\/p>\n","protected":false},"author":1,"featured_media":0,"parent":0,"menu_order":0,"comment_status":"closed","ping_status":"closed","template":"elementor_header_footer","meta":{"footnotes":""},"class_list":["post-797","page","type-page","status-publish","hentry"],"yoast_head":"<!-- This site is optimized with the Yoast SEO plugin v27.1.1 - https:\/\/yoast.com\/product\/yoast-seo-wordpress\/ -->\n<title>Pol\u00edtica de privacidad - HIGHRES<\/title>\n<meta name=\"robots\" content=\"index, follow, max-snippet:-1, max-image-preview:large, max-video-preview:-1\" \/>\n<link rel=\"canonical\" href=\"https:\/\/highres-project.eu\/es\/politica-de-privacidad\" \/>\n<meta property=\"og:locale\" content=\"es_ES\" \/>\n<meta property=\"og:type\" content=\"article\" \/>\n<meta property=\"og:title\" content=\"Pol\u00edtica de privacidad - HIGHRES\" \/>\n<meta property=\"og:description\" content=\"En HIGHRES nos tomamos muy en serio la protecci\u00f3n de sus datos personales. Nuestro prop\u00f3sito es proteger la privacidad de los datos que nos proporciona y cumplir con la normativa vigente en materia de protecci\u00f3n de datos personales. En cumplimiento de la Ley 3\/2018, de 5 de diciembre, de Protecci\u00f3n de Datos Personales y Garant\u00eda [&hellip;]\" \/>\n<meta property=\"og:url\" content=\"https:\/\/highres-project.eu\/es\/politica-de-privacidad\" \/>\n<meta property=\"og:site_name\" content=\"HIGHRES\" \/>\n<meta property=\"article:modified_time\" content=\"2024-11-07T11:23:20+00:00\" \/>\n<meta name=\"twitter:card\" content=\"summary_large_image\" \/>\n<meta name=\"twitter:label1\" content=\"Tiempo de lectura\" \/>\n\t<meta name=\"twitter:data1\" content=\"3 minutos\" \/>\n<script type=\"application\/ld+json\" class=\"yoast-schema-graph\">{\"@context\":\"https:\/\/schema.org\",\"@graph\":[{\"@type\":\"WebPage\",\"@id\":\"https:\/\/highres-project.eu\/es\/politica-de-privacidad\",\"url\":\"https:\/\/highres-project.eu\/es\/politica-de-privacidad\",\"name\":\"Pol\u00edtica de privacidad - HIGHRES\",\"isPartOf\":{\"@id\":\"https:\/\/highres-project.eu\/#website\"},\"datePublished\":\"2024-10-14T09:24:10+00:00\",\"dateModified\":\"2024-11-07T11:23:20+00:00\",\"breadcrumb\":{\"@id\":\"https:\/\/highres-project.eu\/es\/politica-de-privacidad#breadcrumb\"},\"inLanguage\":\"es\",\"potentialAction\":[{\"@type\":\"ReadAction\",\"target\":[\"https:\/\/highres-project.eu\/es\/politica-de-privacidad\"]}]},{\"@type\":\"BreadcrumbList\",\"@id\":\"https:\/\/highres-project.eu\/es\/politica-de-privacidad#breadcrumb\",\"itemListElement\":[{\"@type\":\"ListItem\",\"position\":1,\"name\":\"Portada\",\"item\":\"https:\/\/highres-project.eu\/es\/inicio\"},{\"@type\":\"ListItem\",\"position\":2,\"name\":\"Pol\u00edtica de privacidad\"}]},{\"@type\":\"WebSite\",\"@id\":\"https:\/\/highres-project.eu\/#website\",\"url\":\"https:\/\/highres-project.eu\/\",\"name\":\"HIGHRES\",\"description\":\"\",\"publisher\":{\"@id\":\"https:\/\/highres-project.eu\/#organization\"},\"potentialAction\":[{\"@type\":\"SearchAction\",\"target\":{\"@type\":\"EntryPoint\",\"urlTemplate\":\"https:\/\/highres-project.eu\/?s={search_term_string}\"},\"query-input\":{\"@type\":\"PropertyValueSpecification\",\"valueRequired\":true,\"valueName\":\"search_term_string\"}}],\"inLanguage\":\"es\"},{\"@type\":\"Organization\",\"@id\":\"https:\/\/highres-project.eu\/#organization\",\"name\":\"HIGHRES\",\"url\":\"https:\/\/highres-project.eu\/\",\"logo\":{\"@type\":\"ImageObject\",\"inLanguage\":\"es\",\"@id\":\"https:\/\/highres-project.eu\/#\/schema\/logo\/image\/\",\"url\":\"https:\/\/highres-project.eu\/wp-content\/uploads\/2024\/07\/560f02408763dbeda8d6b7950dd87a3d.png\",\"contentUrl\":\"https:\/\/highres-project.eu\/wp-content\/uploads\/2024\/07\/560f02408763dbeda8d6b7950dd87a3d.png\",\"width\":4096,\"height\":1177,\"caption\":\"HIGHRES\"},\"image\":{\"@id\":\"https:\/\/highres-project.eu\/#\/schema\/logo\/image\/\"}}]}<\/script>\n<!-- \/ Yoast SEO plugin. -->","yoast_head_json":{"title":"Pol\u00edtica de privacidad - HIGHRES","robots":{"index":"index","follow":"follow","max-snippet":"max-snippet:-1","max-image-preview":"max-image-preview:large","max-video-preview":"max-video-preview:-1"},"canonical":"https:\/\/highres-project.eu\/es\/politica-de-privacidad","og_locale":"es_ES","og_type":"article","og_title":"Pol\u00edtica de privacidad - HIGHRES","og_description":"En HIGHRES nos tomamos muy en serio la protecci\u00f3n de sus datos personales. Nuestro prop\u00f3sito es proteger la privacidad de los datos que nos proporciona y cumplir con la normativa vigente en materia de protecci\u00f3n de datos personales. En cumplimiento de la Ley 3\/2018, de 5 de diciembre, de Protecci\u00f3n de Datos Personales y Garant\u00eda [&hellip;]","og_url":"https:\/\/highres-project.eu\/es\/politica-de-privacidad","og_site_name":"HIGHRES","article_modified_time":"2024-11-07T11:23:20+00:00","twitter_card":"summary_large_image","twitter_misc":{"Tiempo de lectura":"3 minutos"},"schema":{"@context":"https:\/\/schema.org","@graph":[{"@type":"WebPage","@id":"https:\/\/highres-project.eu\/es\/politica-de-privacidad","url":"https:\/\/highres-project.eu\/es\/politica-de-privacidad","name":"Pol\u00edtica de privacidad - HIGHRES","isPartOf":{"@id":"https:\/\/highres-project.eu\/#website"},"datePublished":"2024-10-14T09:24:10+00:00","dateModified":"2024-11-07T11:23:20+00:00","breadcrumb":{"@id":"https:\/\/highres-project.eu\/es\/politica-de-privacidad#breadcrumb"},"inLanguage":"es","potentialAction":[{"@type":"ReadAction","target":["https:\/\/highres-project.eu\/es\/politica-de-privacidad"]}]},{"@type":"BreadcrumbList","@id":"https:\/\/highres-project.eu\/es\/politica-de-privacidad#breadcrumb","itemListElement":[{"@type":"ListItem","position":1,"name":"Portada","item":"https:\/\/highres-project.eu\/es\/inicio"},{"@type":"ListItem","position":2,"name":"Pol\u00edtica de privacidad"}]},{"@type":"WebSite","@id":"https:\/\/highres-project.eu\/#website","url":"https:\/\/highres-project.eu\/","name":"HIGHRES","description":"","publisher":{"@id":"https:\/\/highres-project.eu\/#organization"},"potentialAction":[{"@type":"SearchAction","target":{"@type":"EntryPoint","urlTemplate":"https:\/\/highres-project.eu\/?s={search_term_string}"},"query-input":{"@type":"PropertyValueSpecification","valueRequired":true,"valueName":"search_term_string"}}],"inLanguage":"es"},{"@type":"Organization","@id":"https:\/\/highres-project.eu\/#organization","name":"HIGHRES","url":"https:\/\/highres-project.eu\/","logo":{"@type":"ImageObject","inLanguage":"es","@id":"https:\/\/highres-project.eu\/#\/schema\/logo\/image\/","url":"https:\/\/highres-project.eu\/wp-content\/uploads\/2024\/07\/560f02408763dbeda8d6b7950dd87a3d.png","contentUrl":"https:\/\/highres-project.eu\/wp-content\/uploads\/2024\/07\/560f02408763dbeda8d6b7950dd87a3d.png","width":4096,"height":1177,"caption":"HIGHRES"},"image":{"@id":"https:\/\/highres-project.eu\/#\/schema\/logo\/image\/"}}]}},"_links":{"self":[{"href":"https:\/\/highres-project.eu\/es\/wp-json\/wp\/v2\/pages\/797","targetHints":{"allow":["GET"]}}],"collection":[{"href":"https:\/\/highres-project.eu\/es\/wp-json\/wp\/v2\/pages"}],"about":[{"href":"https:\/\/highres-project.eu\/es\/wp-json\/wp\/v2\/types\/page"}],"author":[{"embeddable":true,"href":"https:\/\/highres-project.eu\/es\/wp-json\/wp\/v2\/users\/1"}],"replies":[{"embeddable":true,"href":"https:\/\/highres-project.eu\/es\/wp-json\/wp\/v2\/comments?post=797"}],"version-history":[{"count":5,"href":"https:\/\/highres-project.eu\/es\/wp-json\/wp\/v2\/pages\/797\/revisions"}],"predecessor-version":[{"id":837,"href":"https:\/\/highres-project.eu\/es\/wp-json\/wp\/v2\/pages\/797\/revisions\/837"}],"wp:attachment":[{"href":"https:\/\/highres-project.eu\/es\/wp-json\/wp\/v2\/media?parent=797"}],"curies":[{"name":"wp","href":"https:\/\/api.w.org\/{rel}","templated":true}]}}